{"id":1244,"date":"2022-12-16T15:52:41","date_gmt":"2022-12-16T20:52:41","guid":{"rendered":"https:\/\/www.siontours.com.co\/?page_id=1244"},"modified":"2024-03-06T16:04:20","modified_gmt":"2024-03-06T21:04:20","slug":"reserva-tours","status":"publish","type":"page","link":"https:\/\/www.siontours.com.co\/en\/reserva-tours\/","title":{"rendered":"Formulario de Reservas"},"content":{"rendered":"<div class=\"vc_row wpb_row vc_row-fluid\"><div class=\"wpb_column vc_column_container vc_col-sm-12\"><div class=\"vc_column-inner\"><div class=\"wpb_wrapper\">\n\t<div class=\"wpb_text_column wpb_content_element\" >\n\t\t<div class=\"wpb_wrapper\">\n\t\t\t<p style=\"text-align: center;\"> <div id=\"form_id1679540215185\" class=\"wpbc_container wpbc_form wpbc_container_booking_form\" ><form id=\"booking_form1\" class=\"booking_form vertical\" method=\"post\" action=\"\" data-trp-original-action=\"\"><div id=\"ajax_respond_insert1\" class=\"ajax_respond_insert\" style=\"display:none;\"><\/div><a name=\"bklnk1\" id=\"bklnk1\"><\/a><div id=\"booking_form_div1\" class=\"booking_form_div\"><style type=\"text\/css\">.wpbc_container_booking_form .block_hints, .wpbc_booking_form_simple.wpbc_form_center .wpbc__form__div .wpbc__row.wpbc_r_calendar, .wpbc_booking_form_simple .wpbc__form__div .wpbc__row:not(.wpbc_r_calendar){max-width:100%;} <\/style>\n<div class=\"wpbc_booking_form_simple\">\n  <div class=\"wpbc_wizard_step wpbc__form__div wpbc_wizard_step1\">\n    <div class=\"wpbc__row\">\n\t\t<div style=\"margin-top:0;\" class=\"wpbc__field\"> \n\t\t\t<div class=\"wpbc_r_calendar wpbc__row\">\n\t\t\t\t<div class=\"wpbc_r_calendar wpbc__field\"> <label>Select date<\/label><br><div class=\"wpbc_calendar_wraper wpbc_change_over_triangle\"><div class=\"wpbc_cal_container bk_calendar_frame wpbc_no_custom_width  months_num_in_row_ cal_month_num_4\" style=\"\"><div id=\"calendar_booking1\"  class=\"wpbc_calendar_id_1\" >\t<div class=\"calendar_loader_frame calendar_loader_frame1\"\r\n\t\tdata-wpbc-rid=\"1\"\r\n\t\tdata-wpbc-grace=\"8000\"\r\n\t\tstyle=\"--wpbc-loader-cols: 4;\"\r\n\t>\r\n\t\t<div class=\"calendar_loader_text\">Loading...<\/div>\r\n\t\t<div class=\"calendar_loader_frame__progress_line_container\">\r\n\t\t\t<div class=\"calendar_loader_frame__progress_line\"><\/div>\r\n\t\t<\/div>\r\n\t<\/div>\r\n\t<\/div><\/div><div style=\"font-size:7px;text-align:left;margin:0 0 10px;text-shadow: none;\">Powered by <a href=\"https:\/\/wpbookingcalendar.com\" style=\"font-size:7px;\" target=\"_blank\" title=\"Booking Calendar plugin for WordPress\">Booking Calendar<\/a><\/div><textarea id=\"date_booking1\" name=\"date_booking1\" autocomplete=\"off\" style=\"display:none;\"><\/textarea><div class=\"block_hints datepick\"><div class=\"wpdev_hint_with_text\"><div class=\"\"><div class=\"datepick-inline wpbc_calendar_legend_table_width_height\"><table class=\"datepick wpbc_calendar\" style=\"\"><tbody><tr><td class=\"datepick-days-cell date_available wpbc_calendar_legend_day_cell_height\"><div class=\"wpbc-cell-box\">\t<div class=\"date-cell-content\">\t\t<div class=\"date-content-top\"><\/div>\t\t<a>&nbsp;<\/a>\t\t<div class=\"date-content-bottom\"><\/div>\t<\/div><\/div><\/td><\/tr><\/tbody><\/table><\/div><\/div><div class=\"block_text\">- <\/div><div class=\"block_text\">Disponible<\/div><\/div><div class=\"wpdev_hint_with_text\"><div class=\"\"><div class=\"datepick-inline wpbc_calendar_legend_table_width_height\"><table class=\"datepick wpbc_calendar\" style=\"\"><tbody><tr><td class=\"datepick-days-cell datepick-unselectable date_user_unavailable full_day_booking date_approved wpbc_calendar_legend_day_cell_height\"><div class=\"wpbc-cell-box\">\t<div class=\"date-cell-content\">\t\t<div class=\"date-content-top\"><\/div>\t\t<span>&nbsp;<\/span>\t\t<div class=\"date-content-bottom\"><\/div>\t<\/div><\/div><\/td><\/tr><\/tbody><\/table><\/div><\/div><div class=\"block_text\">- <\/div><div class=\"block_text\">Reservado<\/div><\/div><div class=\"wpdev_hint_with_text\"><div class=\"\"><div class=\"datepick-inline wpbc_calendar_legend_table_width_height\"><table class=\"datepick wpbc_calendar\" style=\"\"><tbody><tr><td class=\"datepick-days-cell datepick-unselectable date_user_unavailable full_day_booking date2approve wpbc_calendar_legend_day_cell_height\"><div class=\"wpbc-cell-box\">\t<div class=\"date-cell-content\">\t\t<div class=\"date-content-top\"><\/div>\t\t<span>&nbsp;<\/span>\t\t<div class=\"date-content-bottom\"><\/div>\t<\/div><\/div><\/td><\/tr><\/tbody><\/table><\/div><\/div><div class=\"block_text\">- <\/div><div class=\"block_text\">Pendiente<\/div><\/div><div class=\"wpdev_hint_with_text\"><div class=\"\"><span class=\"wpbc_change_over_triangle\"><div class=\"datepick-inline wpbc_calendar_legend_table_width_height\"><table class=\"datepick wpbc_calendar\" style=\"\"><tbody><tr><td class=\"datepick-days-cell date_available date2approve timespartly times_clock wpbc_calendar_legend_day_cell_height\"><div class=\"wpbc-cell-box\">\t<div class=\"wpbc-diagonal-el\">\t\t<div class=\"wpbc-co-out\"><svg height=\"100%\" width=\"100%\" viewbox=\"0 0 100 100\" preserveaspectratio=\"none\"><polygon points=\"0,0 0,99 99,0\"><\/polygon><polygon points=\"0,0 0,100 49,100 49,0\"><\/polygon><\/svg><\/div>\t\t<div class=\"wpbc-co-in\"><svg height=\"100%\" width=\"100%\" viewbox=\"0 0 98 98\" preserveaspectratio=\"none\"><polygon points=\"0,99 99,99 99,0\"><\/polygon><polygon points=\"50,98 98,98 98,0 50,0\"><\/polygon><\/svg><\/div>\t<\/div>\t<div class=\"date-cell-content\">\t\t<div class=\"date-content-top\"><div class=\"wpbc_time_dots\">\u00b7<\/div><\/div>\t\t<a>&nbsp;<\/a>\t\t<div class=\"date-content-bottom\"><\/div>\t<\/div><\/div><\/td><\/tr><\/tbody><\/table><\/div><\/span><\/div><div class=\"block_text\">- <\/div><div class=\"block_text\">Parcialmente reservado<\/div><\/div><\/div><\/div> <\/div>\n\t\t\t<\/div>\n\t\t<\/div>\n\t\t\t<div style=\"margin-top:0;\" class=\"wpbc__field\"> \n\t\t\t<div class=\"wpbc__row\">\n\t\t\t\t<div class=\"wpbc_r_rangetime wpbc__field\"> <label>Select Time*<\/label><br><span class=\"wpbc_wrap_select wpdev-form-control-wrap rangetime1\"><select onchange=\"javascript:if(typeof( wpbc_show_cost_hints_after_few_seconds )=='function'){wpbc_show_cost_hints_after_few_seconds(1);}\" name=\"rangetime1\" autocomplete=\"rangetime\" class=\"wpdev-validates-as-required\"><option value=\"09:00 - 09:30\">09:00 - 09:30<\/option><option value=\"09:30 - 10:00\">09:30 - 10:00<\/option><option value=\"10:00 - 10:30\">10:00 - 10:30<\/option><option value=\"10:30 - 11:00\">10:30 - 11:00<\/option><option value=\"11:00 - 11:30\">11:00 - 11:30<\/option><option value=\"11:30 - 12:00\">11:30 - 12:00<\/option><option value=\"12:00 - 12:30\">12:00 - 12:30<\/option><option value=\"12:30 - 13:00\">12:30 - 13:00<\/option><option value=\"13:00 - 13:30\">13:00 - 13:30<\/option><option value=\"13:30 - 14:00\">13:30 - 14:00<\/option><option value=\"14:00 - 14:30\">14:00 - 14:30<\/option><option value=\"14:30 - 15:00\">14:30 - 15:00<\/option><option value=\"15:00 - 15:30\">15:00 - 15:30<\/option><option value=\"15:30 - 16:00\">15:30 - 16:00<\/option><option value=\"16:00 - 16:30\">16:00 - 16:30<\/option><option value=\"16:30 - 17:00\">16:30 - 17:00<\/option><option value=\"17:00 - 17:30\">17:00 - 17:30<\/option><option value=\"17:30 - 18:00\">17:30 - 18:00<\/option><\/select><\/span> <\/div>\n\t\t\t<\/div>\n\t\t<\/div>\n    <\/div>\n    <hr><div style=\"flex-flow: row nowrap;\" class=\"wpbc__row\">\n\t\t\t<div style=\"justify-content: flex-end;\" class=\"wpbc__field\">\n     \t\t<a class=\"wpbc_button_light wpbc_wizard_step_button wpbc_wizard_step_2\" >\n\t\t\t\tSiguiente\n\t\t\t\t<\/a>\n\t\t\t<\/div>\n    <\/div>\n  <\/div>\n  <div class=\"wpbc_wizard_step wpbc__form__div wpbc_wizard_step2 wpbc_wizard_step_hidden\" style=\"display:none;clear:both;\">\n<div class=\"wpbc__form__div\">\n\t\t\t<div class=\"wpbc__row\">\n\t\t\t\t<div class=\"wpbc_r_name wpbc__field\"> <label>First Name*<\/label><br><span class=\"wpbc_wrap_text wpdev-form-control-wrap name1\"><input type=\"text\" name=\"name1\" value=\"\" autocomplete=\"name\" class=\"wpdev-validates-as-required\" size=\"40\" \/><\/span> <\/div>\n\n\t\t\t\t<div class=\"wpbc_r_secondname wpbc__field\"> <label>Last Name*<\/label><br><span class=\"wpbc_wrap_text wpdev-form-control-wrap secondname1\"><input type=\"text\" name=\"secondname1\" value=\"\" autocomplete=\"secondname\" class=\"wpdev-validates-as-required\" size=\"40\" \/><\/span> <\/div>\n\t\t\t<\/div>\n\t\t\t<div class=\"wpbc__row\">\n\t\t\t\t<div class=\"wpbc_r_email wpbc__field\"> <label>Email*<\/label><br><span class=\"wpbc_wrap_text wpdev-form-control-wrap email1\"><input type=\"email\" name=\"email1\" value=\"\" autocomplete=\"email\" class=\"wpdev-validates-as-email wpdev-validates-as-required\" size=\"40\" \/><\/span> <\/div>\n\n\t\t\t\t<div class=\"wpbc_r_phone wpbc__field\"> <label>Phone<\/label><br><span class=\"wpbc_wrap_text wpdev-form-control-wrap phone1\"><input type=\"text\" name=\"phone1\" value=\"\" autocomplete=\"phone\" size=\"40\" \/><\/span> <\/div>\n\t\t\t<\/div>\n\t\t\t<div class=\"wpbc__row\">\n\t\t\t\t<div class=\"wpbc_r_details wpbc__field\"> <label>Details<\/label><br><span class=\"wpbc_wrap_textarea wpdev-form-control-wrap details1\"><textarea name=\"details1\" autocomplete=\"details\"><\/textarea><\/span> <\/div>\n\t\t\t<\/div>\n<\/div>\n    <hr><div style=\"flex-flow: row nowrap;\" class=\"wpbc__row\">\n\t\t\t<div style=\"justify-content: flex-start;\" class=\"wpbc__field\">\n     \t\t<a class=\"wpbc_button_light wpbc_wizard_step_button wpbc_wizard_step_1\" >\n\t\t\t\tVolver\n\t\t\t\t<\/a>\n\t\t\t<\/div>\n      <div style=\"justify-content: flex-end;\" class=\"wpbc__field\">\n<input type=\"button\" value=\"Enviar\" class=\"wpbc_button_light  btn btn\" onclick=\"wpbc_booking_form_submit(this.form,1, 'en_US');\" \/>      <\/div>\n    <\/div>\n  <\/div>\n<\/div><input id=\"bk_type1\" name=\"bk_type1\" class=\"\" type=\"hidden\" value=\"1\" \/><\/div><div id=\"submiting1\"><\/div><div class=\"form_bk_messages\" id=\"form_bk_messages1\" ><\/div><input type=\"hidden\" id=\"wpbc_nonceCALCULATE_THE_COST1\" name=\"wpbc_nonceCALCULATE_THE_COST1\" value=\"e84b702a45\" \/><input type=\"hidden\" name=\"_wp_http_referer\" value=\"\/en\/wp-json\/wp\/v2\/pages\/1244\" \/><input type=\"hidden\" name=\"trp-form-language\" value=\"en\"\/><\/form><\/div><div id=\"booking_form_garbage1\" class=\"booking_form_garbage\"><\/div>\n\n\t\t<\/div>\n\t<\/div>\n<\/div><\/div><\/div><\/div><div class=\"vc_row wpb_row vc_row-fluid\"><div class=\"wpb_column vc_column_container vc_col-sm-12\"><div class=\"vc_column-inner\"><div class=\"wpb_wrapper\">\n\t<div class=\"wpb_text_column wpb_content_element\" >\n\t\t<div class=\"wpb_wrapper\">\n\t\t\t<p>Reserva tus Tours y Actividades en Cartagena, te ofrecemos servicios de Tours Privados y Transfer en la Ciudad, adem\u00e1s podr\u00e1s disfrutar en familia y amigos de la visita a las Islas del Rosario, descubre un mundo m\u00e1gico, colorido y lleno de paz, en cada isla que visites, en nuestro City Tour Privado podr\u00e1s disfrutar de las calles, plazas, iglesias y monumentos de toda la llamada &#8220;Ciudad Antigua&#8221; adem\u00e1s de visitar la colorida calle de Getseman\u00ed, donde podr\u00e1s degustar de la comida Cartagenera y activar el sentimiento y gusto por los colores. \u00bfQu\u00e9 est\u00e1s esperando para disfrutar a Cartagena? te acompa\u00f1amos en todo momento. Reserva tus Tours indicando la fecha, luego coloca tus datos y listo!.<\/p>\n<p><em><strong>\u00a1Gracias por elegirnos!<\/strong><\/em><\/p>\n\n\t\t<\/div>\n\t<\/div>\n<\/div><\/div><\/div><\/div>","protected":false},"excerpt":{"rendered":"Select date Loading... Powered by Booking Calendar &nbsp; - Disponible &nbsp; - Reservado &nbsp; - Pendiente \u00b7 &nbsp; - Parcialmente reservado Select Time*09:00 - 09:3009:30 - 10:0010:00 - 10:3010:30 - 11:0011:00 - 11:3011:30 - 12:0012:00 - 12:3012:30 - 13:0013:00 - 13:3013:30 - 14:0014:00 - 14:3014:30 - 15:0015:00 - 15:3015:30 - 16:0016:00 - 16:3016:30 - 17:0017:00 [...]","protected":false},"author":1,"featured_media":1339,"parent":0,"menu_order":0,"comment_status":"closed","ping_status":"closed","template":"","meta":{"_joinchat":[],"footnotes":""},"class_list":["post-1244","page","type-page","status-publish","has-post-thumbnail","hentry"],"yoast_head":"<!-- This site is optimized with the Yoast SEO plugin v27.4 - https:\/\/yoast.com\/product\/yoast-seo-wordpress\/ -->\n<title>Reserva tus Tours<\/title>\n<meta name=\"description\" content=\"Reserva tus tours y actividades en Cartagena con nosotros, Ofrecemos Tours Privados y transfer en la Ciudad.\" \/>\n<meta name=\"robots\" content=\"index, follow, max-snippet:-1, max-image-preview:large, max-video-preview:-1\" \/>\n<link rel=\"canonical\" href=\"https:\/\/www.siontours.com.co\/en\/reserva-tours\/\" \/>\n<meta property=\"og:locale\" content=\"en_US\" \/>\n<meta property=\"og:type\" content=\"article\" \/>\n<meta property=\"og:title\" content=\"Reserva tus Tours\" \/>\n<meta property=\"og:description\" content=\"Reserva tus tours y actividades en Cartagena con nosotros, Ofrecemos Tours Privados y transfer en la Ciudad.\" \/>\n<meta property=\"og:url\" content=\"https:\/\/www.siontours.com.co\/en\/reserva-tours\/\" \/>\n<meta property=\"og:site_name\" content=\"Sion Tours - Agencia de turismo en Cartagena, Colombia\" \/>\n<meta property=\"article:publisher\" content=\"https:\/\/www.facebook.com\/SIONTOURSCARTAGENA\/\" \/>\n<meta property=\"article:modified_time\" content=\"2024-03-06T21:04:20+00:00\" \/>\n<meta property=\"og:image\" content=\"https:\/\/www.siontours.com.co\/wp-content\/uploads\/2023\/02\/guias-01-1.png\" \/>\n\t<meta property=\"og:image:width\" content=\"8000\" \/>\n\t<meta property=\"og:image:height\" content=\"4500\" \/>\n\t<meta property=\"og:image:type\" content=\"image\/png\" \/>\n<meta name=\"twitter:card\" content=\"summary_large_image\" \/>\n<meta name=\"twitter:label1\" content=\"Est. reading time\" \/>\n\t<meta name=\"twitter:data1\" content=\"1 minute\" \/>\n<script type=\"application\/ld+json\" class=\"yoast-schema-graph\">{\"@context\":\"https:\\\/\\\/schema.org\",\"@graph\":[{\"@type\":\"Article\",\"@id\":\"https:\\\/\\\/www.siontours.com.co\\\/reserva-tours\\\/#article\",\"isPartOf\":{\"@id\":\"https:\\\/\\\/www.siontours.com.co\\\/reserva-tours\\\/\"},\"author\":{\"name\":\"siontours\",\"@id\":\"https:\\\/\\\/www.siontours.com.co\\\/#\\\/schema\\\/person\\\/3c9e764f938017adf101d024d7913c5d\"},\"headline\":\"Formulario de Reservas\",\"datePublished\":\"2022-12-16T20:52:41+00:00\",\"dateModified\":\"2024-03-06T21:04:20+00:00\",\"mainEntityOfPage\":{\"@id\":\"https:\\\/\\\/www.siontours.com.co\\\/reserva-tours\\\/\"},\"wordCount\":159,\"publisher\":{\"@id\":\"https:\\\/\\\/www.siontours.com.co\\\/#organization\"},\"image\":{\"@id\":\"https:\\\/\\\/www.siontours.com.co\\\/reserva-tours\\\/#primaryimage\"},\"thumbnailUrl\":\"https:\\\/\\\/www.siontours.com.co\\\/wp-content\\\/uploads\\\/2023\\\/02\\\/guias-01-1.png\",\"inLanguage\":\"en-US\"},{\"@type\":\"WebPage\",\"@id\":\"https:\\\/\\\/www.siontours.com.co\\\/reserva-tours\\\/\",\"url\":\"https:\\\/\\\/www.siontours.com.co\\\/reserva-tours\\\/\",\"name\":\"Reserva tus Tours\",\"isPartOf\":{\"@id\":\"https:\\\/\\\/www.siontours.com.co\\\/#website\"},\"primaryImageOfPage\":{\"@id\":\"https:\\\/\\\/www.siontours.com.co\\\/reserva-tours\\\/#primaryimage\"},\"image\":{\"@id\":\"https:\\\/\\\/www.siontours.com.co\\\/reserva-tours\\\/#primaryimage\"},\"thumbnailUrl\":\"https:\\\/\\\/www.siontours.com.co\\\/wp-content\\\/uploads\\\/2023\\\/02\\\/guias-01-1.png\",\"datePublished\":\"2022-12-16T20:52:41+00:00\",\"dateModified\":\"2024-03-06T21:04:20+00:00\",\"description\":\"Reserva tus tours y actividades en Cartagena con nosotros, Ofrecemos Tours Privados y transfer en la Ciudad.\",\"breadcrumb\":{\"@id\":\"https:\\\/\\\/www.siontours.com.co\\\/reserva-tours\\\/#breadcrumb\"},\"inLanguage\":\"en-US\",\"potentialAction\":[{\"@type\":\"ReadAction\",\"target\":[\"https:\\\/\\\/www.siontours.com.co\\\/reserva-tours\\\/\"]}]},{\"@type\":\"ImageObject\",\"inLanguage\":\"en-US\",\"@id\":\"https:\\\/\\\/www.siontours.com.co\\\/reserva-tours\\\/#primaryimage\",\"url\":\"https:\\\/\\\/www.siontours.com.co\\\/wp-content\\\/uploads\\\/2023\\\/02\\\/guias-01-1.png\",\"contentUrl\":\"https:\\\/\\\/www.siontours.com.co\\\/wp-content\\\/uploads\\\/2023\\\/02\\\/guias-01-1.png\",\"width\":8000,\"height\":4500,\"caption\":\"Tour Privado en Cartagena para hoteles\"},{\"@type\":\"BreadcrumbList\",\"@id\":\"https:\\\/\\\/www.siontours.com.co\\\/reserva-tours\\\/#breadcrumb\",\"itemListElement\":[{\"@type\":\"ListItem\",\"position\":1,\"name\":\"Portada\",\"item\":\"https:\\\/\\\/www.siontours.com.co\\\/\"},{\"@type\":\"ListItem\",\"position\":2,\"name\":\"Formulario de Reservas\"}]},{\"@type\":\"WebSite\",\"@id\":\"https:\\\/\\\/www.siontours.com.co\\\/#website\",\"url\":\"https:\\\/\\\/www.siontours.com.co\\\/\",\"name\":\"Sion Tours\",\"description\":\"Tours en Cartagena, Colombia\",\"publisher\":{\"@id\":\"https:\\\/\\\/www.siontours.com.co\\\/#organization\"},\"alternateName\":\"Tours en Cartagena\",\"potentialAction\":[{\"@type\":\"SearchAction\",\"target\":{\"@type\":\"EntryPoint\",\"urlTemplate\":\"https:\\\/\\\/www.siontours.com.co\\\/?s={search_term_string}\"},\"query-input\":{\"@type\":\"PropertyValueSpecification\",\"valueRequired\":true,\"valueName\":\"search_term_string\"}}],\"inLanguage\":\"en-US\"},{\"@type\":\"Organization\",\"@id\":\"https:\\\/\\\/www.siontours.com.co\\\/#organization\",\"name\":\"Sion Tours\",\"alternateName\":\"Tours en Cartagena\",\"url\":\"https:\\\/\\\/www.siontours.com.co\\\/\",\"logo\":{\"@type\":\"ImageObject\",\"inLanguage\":\"en-US\",\"@id\":\"https:\\\/\\\/www.siontours.com.co\\\/#\\\/schema\\\/logo\\\/image\\\/\",\"url\":\"https:\\\/\\\/www.siontours.com.co\\\/wp-content\\\/uploads\\\/2022\\\/03\\\/cropped-logo-sion.png\",\"contentUrl\":\"https:\\\/\\\/www.siontours.com.co\\\/wp-content\\\/uploads\\\/2022\\\/03\\\/cropped-logo-sion.png\",\"width\":1528,\"height\":509,\"caption\":\"Sion Tours\"},\"image\":{\"@id\":\"https:\\\/\\\/www.siontours.com.co\\\/#\\\/schema\\\/logo\\\/image\\\/\"},\"sameAs\":[\"https:\\\/\\\/www.facebook.com\\\/SIONTOURSCARTAGENA\\\/\",\"https:\\\/\\\/www.instagram.com\\\/siontourscartagena\\\/\"]},{\"@type\":\"Person\",\"@id\":\"https:\\\/\\\/www.siontours.com.co\\\/#\\\/schema\\\/person\\\/3c9e764f938017adf101d024d7913c5d\",\"name\":\"siontours\",\"image\":{\"@type\":\"ImageObject\",\"inLanguage\":\"en-US\",\"@id\":\"https:\\\/\\\/secure.gravatar.com\\\/avatar\\\/48858a94a95257acba8b19aeadc7d120d4219183b49c345213d78777d6d88e13?s=96&d=mm&r=g\",\"url\":\"https:\\\/\\\/secure.gravatar.com\\\/avatar\\\/48858a94a95257acba8b19aeadc7d120d4219183b49c345213d78777d6d88e13?s=96&d=mm&r=g\",\"contentUrl\":\"https:\\\/\\\/secure.gravatar.com\\\/avatar\\\/48858a94a95257acba8b19aeadc7d120d4219183b49c345213d78777d6d88e13?s=96&d=mm&r=g\",\"caption\":\"siontours\"},\"sameAs\":[\"https:\\\/\\\/www.siontours.com.co\"],\"url\":\"https:\\\/\\\/www.siontours.com.co\\\/en\\\/author\\\/siontours\\\/\"}]}<\/script>\n<!-- \/ Yoast SEO plugin. -->","yoast_head_json":{"title":"Reserva tus Tours","description":"Reserva tus tours y actividades en Cartagena con nosotros, Ofrecemos Tours Privados y transfer en la Ciudad.","robots":{"index":"index","follow":"follow","max-snippet":"max-snippet:-1","max-image-preview":"max-image-preview:large","max-video-preview":"max-video-preview:-1"},"canonical":"https:\/\/www.siontours.com.co\/en\/reserva-tours\/","og_locale":"en_US","og_type":"article","og_title":"Reserva tus Tours","og_description":"Reserva tus tours y actividades en Cartagena con nosotros, Ofrecemos Tours Privados y transfer en la Ciudad.","og_url":"https:\/\/www.siontours.com.co\/en\/reserva-tours\/","og_site_name":"Sion Tours - Agencia de turismo en Cartagena, Colombia","article_publisher":"https:\/\/www.facebook.com\/SIONTOURSCARTAGENA\/","article_modified_time":"2024-03-06T21:04:20+00:00","og_image":[{"width":8000,"height":4500,"url":"https:\/\/www.siontours.com.co\/wp-content\/uploads\/2023\/02\/guias-01-1.png","type":"image\/png"}],"twitter_card":"summary_large_image","twitter_misc":{"Est. reading time":"1 minute"},"schema":{"@context":"https:\/\/schema.org","@graph":[{"@type":"Article","@id":"https:\/\/www.siontours.com.co\/reserva-tours\/#article","isPartOf":{"@id":"https:\/\/www.siontours.com.co\/reserva-tours\/"},"author":{"name":"siontours","@id":"https:\/\/www.siontours.com.co\/#\/schema\/person\/3c9e764f938017adf101d024d7913c5d"},"headline":"Formulario de Reservas","datePublished":"2022-12-16T20:52:41+00:00","dateModified":"2024-03-06T21:04:20+00:00","mainEntityOfPage":{"@id":"https:\/\/www.siontours.com.co\/reserva-tours\/"},"wordCount":159,"publisher":{"@id":"https:\/\/www.siontours.com.co\/#organization"},"image":{"@id":"https:\/\/www.siontours.com.co\/reserva-tours\/#primaryimage"},"thumbnailUrl":"https:\/\/www.siontours.com.co\/wp-content\/uploads\/2023\/02\/guias-01-1.png","inLanguage":"en-US"},{"@type":"WebPage","@id":"https:\/\/www.siontours.com.co\/reserva-tours\/","url":"https:\/\/www.siontours.com.co\/reserva-tours\/","name":"Reserva tus Tours","isPartOf":{"@id":"https:\/\/www.siontours.com.co\/#website"},"primaryImageOfPage":{"@id":"https:\/\/www.siontours.com.co\/reserva-tours\/#primaryimage"},"image":{"@id":"https:\/\/www.siontours.com.co\/reserva-tours\/#primaryimage"},"thumbnailUrl":"https:\/\/www.siontours.com.co\/wp-content\/uploads\/2023\/02\/guias-01-1.png","datePublished":"2022-12-16T20:52:41+00:00","dateModified":"2024-03-06T21:04:20+00:00","description":"Reserva tus tours y actividades en Cartagena con nosotros, Ofrecemos Tours Privados y transfer en la Ciudad.","breadcrumb":{"@id":"https:\/\/www.siontours.com.co\/reserva-tours\/#breadcrumb"},"inLanguage":"en-US","potentialAction":[{"@type":"ReadAction","target":["https:\/\/www.siontours.com.co\/reserva-tours\/"]}]},{"@type":"ImageObject","inLanguage":"en-US","@id":"https:\/\/www.siontours.com.co\/reserva-tours\/#primaryimage","url":"https:\/\/www.siontours.com.co\/wp-content\/uploads\/2023\/02\/guias-01-1.png","contentUrl":"https:\/\/www.siontours.com.co\/wp-content\/uploads\/2023\/02\/guias-01-1.png","width":8000,"height":4500,"caption":"Tour Privado en Cartagena para hoteles"},{"@type":"BreadcrumbList","@id":"https:\/\/www.siontours.com.co\/reserva-tours\/#breadcrumb","itemListElement":[{"@type":"ListItem","position":1,"name":"Portada","item":"https:\/\/www.siontours.com.co\/"},{"@type":"ListItem","position":2,"name":"Formulario de Reservas"}]},{"@type":"WebSite","@id":"https:\/\/www.siontours.com.co\/#website","url":"https:\/\/www.siontours.com.co\/","name":"Sion Tours","description":"Tours en Cartagena, Colombia","publisher":{"@id":"https:\/\/www.siontours.com.co\/#organization"},"alternateName":"Tours en Cartagena","potentialAction":[{"@type":"SearchAction","target":{"@type":"EntryPoint","urlTemplate":"https:\/\/www.siontours.com.co\/?s={search_term_string}"},"query-input":{"@type":"PropertyValueSpecification","valueRequired":true,"valueName":"search_term_string"}}],"inLanguage":"en-US"},{"@type":"Organization","@id":"https:\/\/www.siontours.com.co\/#organization","name":"Sion Tours","alternateName":"Tours en Cartagena","url":"https:\/\/www.siontours.com.co\/","logo":{"@type":"ImageObject","inLanguage":"en-US","@id":"https:\/\/www.siontours.com.co\/#\/schema\/logo\/image\/","url":"https:\/\/www.siontours.com.co\/wp-content\/uploads\/2022\/03\/cropped-logo-sion.png","contentUrl":"https:\/\/www.siontours.com.co\/wp-content\/uploads\/2022\/03\/cropped-logo-sion.png","width":1528,"height":509,"caption":"Sion Tours"},"image":{"@id":"https:\/\/www.siontours.com.co\/#\/schema\/logo\/image\/"},"sameAs":["https:\/\/www.facebook.com\/SIONTOURSCARTAGENA\/","https:\/\/www.instagram.com\/siontourscartagena\/"]},{"@type":"Person","@id":"https:\/\/www.siontours.com.co\/#\/schema\/person\/3c9e764f938017adf101d024d7913c5d","name":"siontours","image":{"@type":"ImageObject","inLanguage":"en-US","@id":"https:\/\/secure.gravatar.com\/avatar\/48858a94a95257acba8b19aeadc7d120d4219183b49c345213d78777d6d88e13?s=96&d=mm&r=g","url":"https:\/\/secure.gravatar.com\/avatar\/48858a94a95257acba8b19aeadc7d120d4219183b49c345213d78777d6d88e13?s=96&d=mm&r=g","contentUrl":"https:\/\/secure.gravatar.com\/avatar\/48858a94a95257acba8b19aeadc7d120d4219183b49c345213d78777d6d88e13?s=96&d=mm&r=g","caption":"siontours"},"sameAs":["https:\/\/www.siontours.com.co"],"url":"https:\/\/www.siontours.com.co\/en\/author\/siontours\/"}]}},"_links":{"self":[{"href":"https:\/\/www.siontours.com.co\/en\/wp-json\/wp\/v2\/pages\/1244","targetHints":{"allow":["GET"]}}],"collection":[{"href":"https:\/\/www.siontours.com.co\/en\/wp-json\/wp\/v2\/pages"}],"about":[{"href":"https:\/\/www.siontours.com.co\/en\/wp-json\/wp\/v2\/types\/page"}],"author":[{"embeddable":true,"href":"https:\/\/www.siontours.com.co\/en\/wp-json\/wp\/v2\/users\/1"}],"replies":[{"embeddable":true,"href":"https:\/\/www.siontours.com.co\/en\/wp-json\/wp\/v2\/comments?post=1244"}],"version-history":[{"count":22,"href":"https:\/\/www.siontours.com.co\/en\/wp-json\/wp\/v2\/pages\/1244\/revisions"}],"predecessor-version":[{"id":2159,"href":"https:\/\/www.siontours.com.co\/en\/wp-json\/wp\/v2\/pages\/1244\/revisions\/2159"}],"wp:featuredmedia":[{"embeddable":true,"href":"https:\/\/www.siontours.com.co\/en\/wp-json\/wp\/v2\/media\/1339"}],"wp:attachment":[{"href":"https:\/\/www.siontours.com.co\/en\/wp-json\/wp\/v2\/media?parent=1244"}],"curies":[{"name":"wp","href":"https:\/\/api.w.org\/{rel}","templated":true}]}}