{"id":1387,"date":"2023-02-03T16:11:22","date_gmt":"2023-02-03T21:11:22","guid":{"rendered":"https:\/\/www.siontours.com.co\/?page_id=1387"},"modified":"2024-03-11T13:15:33","modified_gmt":"2024-03-11T18:15:33","slug":"visita-a-cartagena-de-indias","status":"publish","type":"page","link":"https:\/\/www.siontours.com.co\/en\/paginas\/visita-a-cartagena-de-indias\/","title":{"rendered":"Blog"},"content":{"rendered":"<div class=\"vc_row wpb_row vc_row-fluid\"><div class=\"wpb_column vc_column_container vc_col-sm-12\"><div class=\"vc_column-inner\"><div class=\"wpb_wrapper\">\n\t<div class=\"wpb_text_column wpb_content_element\" >\n\t\t<div class=\"wpb_wrapper\">\n\t\t\t<p>Visita a Cartagena de Indias<\/p>\n\n\t\t<\/div>\n\t<\/div>\n<\/div><\/div><\/div><\/div><div class=\"vc_row wpb_row vc_row-fluid\"><div class=\"wpb_column vc_column_container vc_col-sm-12\"><div class=\"vc_column-inner\"><div class=\"wpb_wrapper\">\n<div class=\"vc_grid-container-wrapper vc_clearfix vc_grid-animation-fadeIn\">\n\t<div class=\"vc_grid-container vc_clearfix wpb_content_element vc_basic_grid\" data-initial-loading-animation=\"fadeIn\" data-vc-grid-settings=\"{&quot;page_id&quot;:1387,&quot;style&quot;:&quot;all&quot;,&quot;action&quot;:&quot;vc_get_vc_grid_data&quot;,&quot;shortcode_id&quot;:&quot;1710180917408-9abb2247-6c24-1&quot;,&quot;tag&quot;:&quot;vc_basic_grid&quot;}\" data-vc-request=\"https:\/\/www.siontours.com.co\/wp-admin\/admin-ajax.php\" data-vc-post-id=\"1387\" data-vc-public-nonce=\"c17afbf31d\">\n\t\t<style data-type=\"vc_shortcodes-custom-css\">.vc_custom_1419240516480{background-color: #f9f9f9 !important;}<\/style><div class=\"vc_grid vc_row vc_grid-gutter-30px vc_pageable-wrapper vc_hook_hover\" data-vc-pageable-content=\"true\"><div class=\"vc_pageable-slide-wrapper vc_clearfix\" data-vc-grid-content=\"true\"><div class=\"vc_grid-item vc_clearfix vc_col-sm-3 vc_grid-item-zone-c-bottom\"><div class=\"vc_grid-item-mini vc_clearfix\"><div class=\"vc_gitem-animated-block\" ><div class=\"vc_gitem-zone vc_gitem-zone-a vc-gitem-zone-height-mode-auto vc-gitem-zone-height-mode-auto-1-1 vc_gitem-is-link\" style=\"background-image: url('https:\/\/www.siontours.com.co\/wp-content\/uploads\/2023\/02\/Canva-Cross-and-Modern-City.jpg') !important;\"><a href=\"https:\/\/www.siontours.com.co\/en\/cerro-de-la-popa\/\" title=\"Cerro de la Popa\" class=\"vc_gitem-link vc-zone-link\" ><\/a><img decoding=\"async\" src=\"https:\/\/www.siontours.com.co\/wp-content\/uploads\/2023\/02\/Canva-Cross-and-Modern-City.jpg\" class=\"vc_gitem-zone-img\" alt=\"Cerro de la Popa o Convento del papa\"><div class=\"vc_gitem-zone-mini\"><\/div><\/div><\/div><div class=\"vc_gitem-zone vc_gitem-zone-c vc_custom_1419240516480\"><div class=\"vc_gitem-zone-mini\"><div class=\"vc_gitem_row vc_row vc_gitem-row-position-top\"><div class=\"vc_col-sm-12 vc_gitem-col vc_gitem-col-align-\"><div class=\"vc_custom_heading vc_gitem-post-data vc_gitem-post-data-source-post_title\" ><h4 style=\"text-align: left\" >Cerro de la Popa<\/h4><\/div><div class=\"vc_custom_heading vc_gitem-post-data vc_gitem-post-data-source-post_excerpt\" ><p style=\"text-align: left\" ><p>Reserve con nosotros, visita al Cerro de la popa, o Convento del Papa, en Cartagena.<br \/>\nLa mejor panor\u00e1mica de Cartagena\u00a0se obtiene desde el convento de\u00a0La Candelaria, situado en la cima <\/p>\n<\/p><\/div><div class=\"vc_btn3-container vc_btn3-left\"><a class=\"vc_general vc_btn3 vc_btn3-size-md vc_btn3-shape-rounded vc_btn3-style-flat vc_btn3-color-juicy-pink\" a href=\"https:\/\/www.siontours.com.co\/en\/cerro-de-la-popa\/\" title=\"Read more\">Read more<\/a><\/div><\/div><\/div><\/div><\/div><\/div><div class=\"vc_clearfix\"><\/div><\/div><div class=\"vc_grid-item vc_clearfix vc_col-sm-3 vc_grid-item-zone-c-bottom\"><div class=\"vc_grid-item-mini vc_clearfix\"><div class=\"vc_gitem-animated-block\" ><div class=\"vc_gitem-zone vc_gitem-zone-a vc-gitem-zone-height-mode-auto vc-gitem-zone-height-mode-auto-1-1 vc_gitem-is-link\" style=\"background-image: url('https:\/\/www.siontours.com.co\/wp-content\/uploads\/2016\/11\/Aviario-cierra.jpg') !important;\"><a href=\"https:\/\/www.siontours.com.co\/en\/worlds-hottest-destinations-for-vegans\/\" title=\"El Aviario Nacional de Colombia\" class=\"vc_gitem-link vc-zone-link\" ><\/a><img decoding=\"async\" src=\"https:\/\/www.siontours.com.co\/wp-content\/uploads\/2016\/11\/Aviario-cierra.jpg\" class=\"vc_gitem-zone-img\" alt=\"Aviario Nacional de Colombia\"><div class=\"vc_gitem-zone-mini\"><\/div><\/div><\/div><div class=\"vc_gitem-zone vc_gitem-zone-c vc_custom_1419240516480\"><div class=\"vc_gitem-zone-mini\"><div class=\"vc_gitem_row vc_row vc_gitem-row-position-top\"><div class=\"vc_col-sm-12 vc_gitem-col vc_gitem-col-align-\"><div class=\"vc_custom_heading vc_gitem-post-data vc_gitem-post-data-source-post_title\" ><h4 style=\"text-align: left\" >El Aviario Nacional de Colombia<\/h4><\/div><div class=\"vc_custom_heading vc_gitem-post-data vc_gitem-post-data-source-post_excerpt\" ><p style=\"text-align: left\" ><p>Recorre a mejor estilo de Sion Tours, el Aviario Nacional de Colombia, son siete hect\u00e1reas que permiten observar una colecci\u00f3n \u00fanica y maravillosa en Colombia y Latinoam\u00e9rica. Las aves son <\/p>\n<\/p><\/div><div class=\"vc_btn3-container vc_btn3-left\"><a class=\"vc_general vc_btn3 vc_btn3-size-md vc_btn3-shape-rounded vc_btn3-style-flat vc_btn3-color-juicy-pink\" a href=\"https:\/\/www.siontours.com.co\/en\/worlds-hottest-destinations-for-vegans\/\" title=\"Read more\">Read more<\/a><\/div><\/div><\/div><\/div><\/div><\/div><div class=\"vc_clearfix\"><\/div><\/div><div class=\"vc_grid-item vc_clearfix vc_col-sm-3 vc_grid-item-zone-c-bottom\"><div class=\"vc_grid-item-mini vc_clearfix\"><div class=\"vc_gitem-animated-block\" ><div class=\"vc_gitem-zone vc_gitem-zone-a vc-gitem-zone-height-mode-auto vc-gitem-zone-height-mode-auto-1-1 vc_gitem-is-link\" style=\"background-image: url('https:\/\/www.siontours.com.co\/wp-content\/uploads\/2016\/11\/WhatsApp-Image-2021-09-16-at-12.00.50-1024x960.jpeg') !important;\"><a href=\"https:\/\/www.siontours.com.co\/en\/love-advice-from-experts\/\" title=\"Teatro Adolfo Mej\u00eda\" class=\"vc_gitem-link vc-zone-link\" ><\/a><img decoding=\"async\" src=\"https:\/\/www.siontours.com.co\/wp-content\/uploads\/2016\/11\/WhatsApp-Image-2021-09-16-at-12.00.50-1024x960.jpeg\" class=\"vc_gitem-zone-img\" alt=\"Teatro Adolfo Mej\u00eda\"><div class=\"vc_gitem-zone-mini\"><\/div><\/div><\/div><div class=\"vc_gitem-zone vc_gitem-zone-c vc_custom_1419240516480\"><div class=\"vc_gitem-zone-mini\"><div class=\"vc_gitem_row vc_row vc_gitem-row-position-top\"><div class=\"vc_col-sm-12 vc_gitem-col vc_gitem-col-align-\"><div class=\"vc_custom_heading vc_gitem-post-data vc_gitem-post-data-source-post_title\" ><h4 style=\"text-align: left\" >Teatro Adolfo Mej\u00eda<\/h4><\/div><div class=\"vc_custom_heading vc_gitem-post-data vc_gitem-post-data-source-post_excerpt\" ><p style=\"text-align: left\" ><p>Con su estilo de teatro de la \u00f3pera europeo de los siglos XVIII y XIX, el\u00a0Teatro Heredia, oficialmente conocido como\u00a0Teatro Adolfo Mej\u00eda, fue construido en forma de herradura, con palcos <\/p>\n<\/p><\/div><div class=\"vc_btn3-container vc_btn3-left\"><a class=\"vc_general vc_btn3 vc_btn3-size-md vc_btn3-shape-rounded vc_btn3-style-flat vc_btn3-color-juicy-pink\" a href=\"https:\/\/www.siontours.com.co\/en\/love-advice-from-experts\/\" title=\"Read more\">Read more<\/a><\/div><\/div><\/div><\/div><\/div><\/div><div class=\"vc_clearfix\"><\/div><\/div><div class=\"vc_grid-item vc_clearfix vc_col-sm-3 vc_grid-item-zone-c-bottom\"><div class=\"vc_grid-item-mini vc_clearfix\"><div class=\"vc_gitem-animated-block\" ><div class=\"vc_gitem-zone vc_gitem-zone-a vc-gitem-zone-height-mode-auto vc-gitem-zone-height-mode-auto-1-1 vc_gitem-is-link\" style=\"background-image: url('https:\/\/www.siontours.com.co\/wp-content\/uploads\/2022\/03\/view-of-cartagena-indias-colombia-1024x1024.jpg') !important;\"><a href=\"https:\/\/www.siontours.com.co\/en\/the-perfect-summer-body\/\" title=\"La Torre del Reloj\" class=\"vc_gitem-link vc-zone-link\" ><\/a><img decoding=\"async\" src=\"https:\/\/www.siontours.com.co\/wp-content\/uploads\/2022\/03\/view-of-cartagena-indias-colombia-1024x1024.jpg\" class=\"vc_gitem-zone-img\" alt=\"Torre del Reloj, Cartagena de Indias\"><div class=\"vc_gitem-zone-mini\"><\/div><\/div><\/div><div class=\"vc_gitem-zone vc_gitem-zone-c vc_custom_1419240516480\"><div class=\"vc_gitem-zone-mini\"><div class=\"vc_gitem_row vc_row vc_gitem-row-position-top\"><div class=\"vc_col-sm-12 vc_gitem-col vc_gitem-col-align-\"><div class=\"vc_custom_heading vc_gitem-post-data vc_gitem-post-data-source-post_title\" ><h4 style=\"text-align: left\" >La Torre del Reloj<\/h4><\/div><div class=\"vc_custom_heading vc_gitem-post-data vc_gitem-post-data-source-post_excerpt\" ><p style=\"text-align: left\" ><p>La Torre del Reloj es una emblem\u00e1tica construcci\u00f3n de 30 metros de altura que se levanta entre las plazas de los coches y de La Paz.<br \/>\nEste bello monumento, considerado\u00a0uno <\/p>\n<\/p><\/div><div class=\"vc_btn3-container vc_btn3-left\"><a class=\"vc_general vc_btn3 vc_btn3-size-md vc_btn3-shape-rounded vc_btn3-style-flat vc_btn3-color-juicy-pink\" a href=\"https:\/\/www.siontours.com.co\/en\/the-perfect-summer-body\/\" title=\"Read more\">Read more<\/a><\/div><\/div><\/div><\/div><\/div><\/div><div class=\"vc_clearfix\"><\/div><\/div><\/div><\/div>\n\t<\/div>\n<\/div><\/div><\/div><\/div><\/div><div class=\"vc_row wpb_row vc_row-fluid\"><div class=\"wpb_column vc_column_container vc_col-sm-12\"><div class=\"vc_column-inner\"><div class=\"wpb_wrapper\"><div class=\"vc_btn3-container vc_btn3-center\" ><a class=\"vc_general vc_btn3 vc_btn3-size-lg vc_btn3-shape-rounded vc_btn3-style-modern vc_btn3-block vc_btn3-icon-left vc_btn3-color-black\" href=\"https:\/\/www.siontours.com.co\/en\/tours-y-actividades-en-la-ciudad-de-cartagena\/\" title=\"Cont\u00e1cto\"><i class=\"vc_btn3-icon fas fa-calendar-check\"><\/i> Ver m\u00e1s actividades<\/a><\/div><\/div><\/div><\/div><\/div><div class=\"vc_row wpb_row vc_row-fluid\"><div class=\"wpb_column vc_column_container vc_col-sm-12\"><div class=\"vc_column-inner\"><div class=\"wpb_wrapper\">\n\t<div class=\"wpb_text_column wpb_content_element\" >\n\t\t<div class=\"wpb_wrapper\">\n\t\t\t<p>Visita a Cartagena de Indias y disfruta de su gente, su calor, sus playas, la cultura y sus personas, adem\u00e1s de su exquisita gastronom\u00eda.<\/p>\n\n\t\t<\/div>\n\t<\/div>\n<\/div><\/div><\/div><\/div>","protected":false},"excerpt":{"rendered":"<p>La Torre del Reloj es una emblem\u00e1tica construcci\u00f3n de 30 metros de altura que se levanta entre las plazas de los coches y de La Paz.<br \/>\nEste bello monumento, considerado\u00a0uno <\/p>","protected":false},"author":1,"featured_media":1295,"parent":1914,"menu_order":0,"comment_status":"closed","ping_status":"closed","template":"","meta":{"_joinchat":[],"footnotes":""},"class_list":["post-1387","page","type-page","status-publish","has-post-thumbnail","hentry"],"yoast_head":"<!-- This site is optimized with the Yoast SEO plugin v27.4 - https:\/\/yoast.com\/product\/yoast-seo-wordpress\/ -->\n<title>Visita a Cartagena de Indias<\/title>\n<meta name=\"description\" content=\"Visita a Cartagena de Indias y disfruta de su gente, su calor, sus playas, la cultura y sus personas, adem\u00e1s de su exquisita gastronom\u00eda\" \/>\n<meta name=\"robots\" content=\"index, follow, max-snippet:-1, max-image-preview:large, max-video-preview:-1\" \/>\n<link rel=\"canonical\" href=\"https:\/\/www.siontours.com.co\/en\/paginas\/visita-a-cartagena-de-indias\/\" \/>\n<meta property=\"og:locale\" content=\"en_US\" \/>\n<meta property=\"og:type\" content=\"article\" \/>\n<meta property=\"og:title\" content=\"Visita a Cartagena de Indias\" \/>\n<meta property=\"og:description\" content=\"Visita a Cartagena de Indias y disfruta de su gente, su calor, sus playas, la cultura y sus personas, adem\u00e1s de su exquisita gastronom\u00eda\" \/>\n<meta property=\"og:url\" content=\"https:\/\/www.siontours.com.co\/en\/paginas\/visita-a-cartagena-de-indias\/\" \/>\n<meta property=\"og:site_name\" content=\"Sion Tours - Agencia de turismo en Cartagena, Colombia\" \/>\n<meta property=\"article:publisher\" content=\"https:\/\/www.facebook.com\/SIONTOURSCARTAGENA\/\" \/>\n<meta property=\"article:modified_time\" content=\"2024-03-11T18:15:33+00:00\" \/>\n<meta property=\"og:image\" content=\"https:\/\/www.siontours.com.co\/wp-content\/uploads\/2023\/01\/cartagena-3384261-scaled.jpg\" \/>\n\t<meta property=\"og:image:width\" content=\"2560\" \/>\n\t<meta property=\"og:image:height\" content=\"1707\" \/>\n\t<meta property=\"og:image:type\" content=\"image\/jpeg\" \/>\n<meta name=\"twitter:card\" content=\"summary_large_image\" \/>\n<meta name=\"twitter:label1\" content=\"Est. reading time\" \/>\n\t<meta name=\"twitter:data1\" content=\"1 minute\" \/>\n<script type=\"application\/ld+json\" class=\"yoast-schema-graph\">{\"@context\":\"https:\\\/\\\/schema.org\",\"@graph\":[{\"@type\":\"Article\",\"@id\":\"https:\\\/\\\/www.siontours.com.co\\\/paginas\\\/visita-a-cartagena-de-indias\\\/#article\",\"isPartOf\":{\"@id\":\"https:\\\/\\\/www.siontours.com.co\\\/paginas\\\/visita-a-cartagena-de-indias\\\/\"},\"author\":{\"name\":\"siontours\",\"@id\":\"https:\\\/\\\/www.siontours.com.co\\\/#\\\/schema\\\/person\\\/3c9e764f938017adf101d024d7913c5d\"},\"headline\":\"Blog\",\"datePublished\":\"2023-02-03T21:11:22+00:00\",\"dateModified\":\"2024-03-11T18:15:33+00:00\",\"mainEntityOfPage\":{\"@id\":\"https:\\\/\\\/www.siontours.com.co\\\/paginas\\\/visita-a-cartagena-de-indias\\\/\"},\"wordCount\":135,\"publisher\":{\"@id\":\"https:\\\/\\\/www.siontours.com.co\\\/#organization\"},\"image\":{\"@id\":\"https:\\\/\\\/www.siontours.com.co\\\/paginas\\\/visita-a-cartagena-de-indias\\\/#primaryimage\"},\"thumbnailUrl\":\"https:\\\/\\\/www.siontours.com.co\\\/wp-content\\\/uploads\\\/2023\\\/01\\\/cartagena-3384261-scaled.jpg\",\"inLanguage\":\"en-US\"},{\"@type\":\"WebPage\",\"@id\":\"https:\\\/\\\/www.siontours.com.co\\\/paginas\\\/visita-a-cartagena-de-indias\\\/\",\"url\":\"https:\\\/\\\/www.siontours.com.co\\\/paginas\\\/visita-a-cartagena-de-indias\\\/\",\"name\":\"Visita a Cartagena de Indias\",\"isPartOf\":{\"@id\":\"https:\\\/\\\/www.siontours.com.co\\\/#website\"},\"primaryImageOfPage\":{\"@id\":\"https:\\\/\\\/www.siontours.com.co\\\/paginas\\\/visita-a-cartagena-de-indias\\\/#primaryimage\"},\"image\":{\"@id\":\"https:\\\/\\\/www.siontours.com.co\\\/paginas\\\/visita-a-cartagena-de-indias\\\/#primaryimage\"},\"thumbnailUrl\":\"https:\\\/\\\/www.siontours.com.co\\\/wp-content\\\/uploads\\\/2023\\\/01\\\/cartagena-3384261-scaled.jpg\",\"datePublished\":\"2023-02-03T21:11:22+00:00\",\"dateModified\":\"2024-03-11T18:15:33+00:00\",\"description\":\"Visita a Cartagena de Indias y disfruta de su gente, su calor, sus playas, la cultura y sus personas, adem\u00e1s de su exquisita gastronom\u00eda\",\"breadcrumb\":{\"@id\":\"https:\\\/\\\/www.siontours.com.co\\\/paginas\\\/visita-a-cartagena-de-indias\\\/#breadcrumb\"},\"inLanguage\":\"en-US\",\"potentialAction\":[{\"@type\":\"ReadAction\",\"target\":[\"https:\\\/\\\/www.siontours.com.co\\\/paginas\\\/visita-a-cartagena-de-indias\\\/\"]}]},{\"@type\":\"ImageObject\",\"inLanguage\":\"en-US\",\"@id\":\"https:\\\/\\\/www.siontours.com.co\\\/paginas\\\/visita-a-cartagena-de-indias\\\/#primaryimage\",\"url\":\"https:\\\/\\\/www.siontours.com.co\\\/wp-content\\\/uploads\\\/2023\\\/01\\\/cartagena-3384261-scaled.jpg\",\"contentUrl\":\"https:\\\/\\\/www.siontours.com.co\\\/wp-content\\\/uploads\\\/2023\\\/01\\\/cartagena-3384261-scaled.jpg\",\"width\":2560,\"height\":1707,\"caption\":\"Sion Tours - agencia de turismo\"},{\"@type\":\"BreadcrumbList\",\"@id\":\"https:\\\/\\\/www.siontours.com.co\\\/paginas\\\/visita-a-cartagena-de-indias\\\/#breadcrumb\",\"itemListElement\":[{\"@type\":\"ListItem\",\"position\":1,\"name\":\"Portada\",\"item\":\"https:\\\/\\\/www.siontours.com.co\\\/\"},{\"@type\":\"ListItem\",\"position\":2,\"name\":\"P\u00e1ginas\",\"item\":\"https:\\\/\\\/www.siontours.com.co\\\/paginas\\\/\"},{\"@type\":\"ListItem\",\"position\":3,\"name\":\"Blog\"}]},{\"@type\":\"WebSite\",\"@id\":\"https:\\\/\\\/www.siontours.com.co\\\/#website\",\"url\":\"https:\\\/\\\/www.siontours.com.co\\\/\",\"name\":\"Sion Tours\",\"description\":\"Tours en Cartagena, Colombia\",\"publisher\":{\"@id\":\"https:\\\/\\\/www.siontours.com.co\\\/#organization\"},\"alternateName\":\"Tours en Cartagena\",\"potentialAction\":[{\"@type\":\"SearchAction\",\"target\":{\"@type\":\"EntryPoint\",\"urlTemplate\":\"https:\\\/\\\/www.siontours.com.co\\\/?s={search_term_string}\"},\"query-input\":{\"@type\":\"PropertyValueSpecification\",\"valueRequired\":true,\"valueName\":\"search_term_string\"}}],\"inLanguage\":\"en-US\"},{\"@type\":\"Organization\",\"@id\":\"https:\\\/\\\/www.siontours.com.co\\\/#organization\",\"name\":\"Sion Tours\",\"alternateName\":\"Tours en Cartagena\",\"url\":\"https:\\\/\\\/www.siontours.com.co\\\/\",\"logo\":{\"@type\":\"ImageObject\",\"inLanguage\":\"en-US\",\"@id\":\"https:\\\/\\\/www.siontours.com.co\\\/#\\\/schema\\\/logo\\\/image\\\/\",\"url\":\"https:\\\/\\\/www.siontours.com.co\\\/wp-content\\\/uploads\\\/2022\\\/03\\\/cropped-logo-sion.png\",\"contentUrl\":\"https:\\\/\\\/www.siontours.com.co\\\/wp-content\\\/uploads\\\/2022\\\/03\\\/cropped-logo-sion.png\",\"width\":1528,\"height\":509,\"caption\":\"Sion Tours\"},\"image\":{\"@id\":\"https:\\\/\\\/www.siontours.com.co\\\/#\\\/schema\\\/logo\\\/image\\\/\"},\"sameAs\":[\"https:\\\/\\\/www.facebook.com\\\/SIONTOURSCARTAGENA\\\/\",\"https:\\\/\\\/www.instagram.com\\\/siontourscartagena\\\/\"]},{\"@type\":\"Person\",\"@id\":\"https:\\\/\\\/www.siontours.com.co\\\/#\\\/schema\\\/person\\\/3c9e764f938017adf101d024d7913c5d\",\"name\":\"siontours\",\"image\":{\"@type\":\"ImageObject\",\"inLanguage\":\"en-US\",\"@id\":\"https:\\\/\\\/secure.gravatar.com\\\/avatar\\\/48858a94a95257acba8b19aeadc7d120d4219183b49c345213d78777d6d88e13?s=96&d=mm&r=g\",\"url\":\"https:\\\/\\\/secure.gravatar.com\\\/avatar\\\/48858a94a95257acba8b19aeadc7d120d4219183b49c345213d78777d6d88e13?s=96&d=mm&r=g\",\"contentUrl\":\"https:\\\/\\\/secure.gravatar.com\\\/avatar\\\/48858a94a95257acba8b19aeadc7d120d4219183b49c345213d78777d6d88e13?s=96&d=mm&r=g\",\"caption\":\"siontours\"},\"sameAs\":[\"https:\\\/\\\/www.siontours.com.co\"],\"url\":\"https:\\\/\\\/www.siontours.com.co\\\/en\\\/author\\\/siontours\\\/\"}]}<\/script>\n<!-- \/ Yoast SEO plugin. -->","yoast_head_json":{"title":"Visita a Cartagena de Indias","description":"Visita a Cartagena de Indias y disfruta de su gente, su calor, sus playas, la cultura y sus personas, adem\u00e1s de su exquisita gastronom\u00eda","robots":{"index":"index","follow":"follow","max-snippet":"max-snippet:-1","max-image-preview":"max-image-preview:large","max-video-preview":"max-video-preview:-1"},"canonical":"https:\/\/www.siontours.com.co\/en\/paginas\/visita-a-cartagena-de-indias\/","og_locale":"en_US","og_type":"article","og_title":"Visita a Cartagena de Indias","og_description":"Visita a Cartagena de Indias y disfruta de su gente, su calor, sus playas, la cultura y sus personas, adem\u00e1s de su exquisita gastronom\u00eda","og_url":"https:\/\/www.siontours.com.co\/en\/paginas\/visita-a-cartagena-de-indias\/","og_site_name":"Sion Tours - Agencia de turismo en Cartagena, Colombia","article_publisher":"https:\/\/www.facebook.com\/SIONTOURSCARTAGENA\/","article_modified_time":"2024-03-11T18:15:33+00:00","og_image":[{"width":2560,"height":1707,"url":"https:\/\/www.siontours.com.co\/wp-content\/uploads\/2023\/01\/cartagena-3384261-scaled.jpg","type":"image\/jpeg"}],"twitter_card":"summary_large_image","twitter_misc":{"Est. reading time":"1 minute"},"schema":{"@context":"https:\/\/schema.org","@graph":[{"@type":"Article","@id":"https:\/\/www.siontours.com.co\/paginas\/visita-a-cartagena-de-indias\/#article","isPartOf":{"@id":"https:\/\/www.siontours.com.co\/paginas\/visita-a-cartagena-de-indias\/"},"author":{"name":"siontours","@id":"https:\/\/www.siontours.com.co\/#\/schema\/person\/3c9e764f938017adf101d024d7913c5d"},"headline":"Blog","datePublished":"2023-02-03T21:11:22+00:00","dateModified":"2024-03-11T18:15:33+00:00","mainEntityOfPage":{"@id":"https:\/\/www.siontours.com.co\/paginas\/visita-a-cartagena-de-indias\/"},"wordCount":135,"publisher":{"@id":"https:\/\/www.siontours.com.co\/#organization"},"image":{"@id":"https:\/\/www.siontours.com.co\/paginas\/visita-a-cartagena-de-indias\/#primaryimage"},"thumbnailUrl":"https:\/\/www.siontours.com.co\/wp-content\/uploads\/2023\/01\/cartagena-3384261-scaled.jpg","inLanguage":"en-US"},{"@type":"WebPage","@id":"https:\/\/www.siontours.com.co\/paginas\/visita-a-cartagena-de-indias\/","url":"https:\/\/www.siontours.com.co\/paginas\/visita-a-cartagena-de-indias\/","name":"Visita a Cartagena de Indias","isPartOf":{"@id":"https:\/\/www.siontours.com.co\/#website"},"primaryImageOfPage":{"@id":"https:\/\/www.siontours.com.co\/paginas\/visita-a-cartagena-de-indias\/#primaryimage"},"image":{"@id":"https:\/\/www.siontours.com.co\/paginas\/visita-a-cartagena-de-indias\/#primaryimage"},"thumbnailUrl":"https:\/\/www.siontours.com.co\/wp-content\/uploads\/2023\/01\/cartagena-3384261-scaled.jpg","datePublished":"2023-02-03T21:11:22+00:00","dateModified":"2024-03-11T18:15:33+00:00","description":"Visita a Cartagena de Indias y disfruta de su gente, su calor, sus playas, la cultura y sus personas, adem\u00e1s de su exquisita gastronom\u00eda","breadcrumb":{"@id":"https:\/\/www.siontours.com.co\/paginas\/visita-a-cartagena-de-indias\/#breadcrumb"},"inLanguage":"en-US","potentialAction":[{"@type":"ReadAction","target":["https:\/\/www.siontours.com.co\/paginas\/visita-a-cartagena-de-indias\/"]}]},{"@type":"ImageObject","inLanguage":"en-US","@id":"https:\/\/www.siontours.com.co\/paginas\/visita-a-cartagena-de-indias\/#primaryimage","url":"https:\/\/www.siontours.com.co\/wp-content\/uploads\/2023\/01\/cartagena-3384261-scaled.jpg","contentUrl":"https:\/\/www.siontours.com.co\/wp-content\/uploads\/2023\/01\/cartagena-3384261-scaled.jpg","width":2560,"height":1707,"caption":"Sion Tours - agencia de turismo"},{"@type":"BreadcrumbList","@id":"https:\/\/www.siontours.com.co\/paginas\/visita-a-cartagena-de-indias\/#breadcrumb","itemListElement":[{"@type":"ListItem","position":1,"name":"Portada","item":"https:\/\/www.siontours.com.co\/"},{"@type":"ListItem","position":2,"name":"P\u00e1ginas","item":"https:\/\/www.siontours.com.co\/paginas\/"},{"@type":"ListItem","position":3,"name":"Blog"}]},{"@type":"WebSite","@id":"https:\/\/www.siontours.com.co\/#website","url":"https:\/\/www.siontours.com.co\/","name":"Sion Tours","description":"Tours en Cartagena, Colombia","publisher":{"@id":"https:\/\/www.siontours.com.co\/#organization"},"alternateName":"Tours en Cartagena","potentialAction":[{"@type":"SearchAction","target":{"@type":"EntryPoint","urlTemplate":"https:\/\/www.siontours.com.co\/?s={search_term_string}"},"query-input":{"@type":"PropertyValueSpecification","valueRequired":true,"valueName":"search_term_string"}}],"inLanguage":"en-US"},{"@type":"Organization","@id":"https:\/\/www.siontours.com.co\/#organization","name":"Sion Tours","alternateName":"Tours en Cartagena","url":"https:\/\/www.siontours.com.co\/","logo":{"@type":"ImageObject","inLanguage":"en-US","@id":"https:\/\/www.siontours.com.co\/#\/schema\/logo\/image\/","url":"https:\/\/www.siontours.com.co\/wp-content\/uploads\/2022\/03\/cropped-logo-sion.png","contentUrl":"https:\/\/www.siontours.com.co\/wp-content\/uploads\/2022\/03\/cropped-logo-sion.png","width":1528,"height":509,"caption":"Sion Tours"},"image":{"@id":"https:\/\/www.siontours.com.co\/#\/schema\/logo\/image\/"},"sameAs":["https:\/\/www.facebook.com\/SIONTOURSCARTAGENA\/","https:\/\/www.instagram.com\/siontourscartagena\/"]},{"@type":"Person","@id":"https:\/\/www.siontours.com.co\/#\/schema\/person\/3c9e764f938017adf101d024d7913c5d","name":"siontours","image":{"@type":"ImageObject","inLanguage":"en-US","@id":"https:\/\/secure.gravatar.com\/avatar\/48858a94a95257acba8b19aeadc7d120d4219183b49c345213d78777d6d88e13?s=96&d=mm&r=g","url":"https:\/\/secure.gravatar.com\/avatar\/48858a94a95257acba8b19aeadc7d120d4219183b49c345213d78777d6d88e13?s=96&d=mm&r=g","contentUrl":"https:\/\/secure.gravatar.com\/avatar\/48858a94a95257acba8b19aeadc7d120d4219183b49c345213d78777d6d88e13?s=96&d=mm&r=g","caption":"siontours"},"sameAs":["https:\/\/www.siontours.com.co"],"url":"https:\/\/www.siontours.com.co\/en\/author\/siontours\/"}]}},"_links":{"self":[{"href":"https:\/\/www.siontours.com.co\/en\/wp-json\/wp\/v2\/pages\/1387","targetHints":{"allow":["GET"]}}],"collection":[{"href":"https:\/\/www.siontours.com.co\/en\/wp-json\/wp\/v2\/pages"}],"about":[{"href":"https:\/\/www.siontours.com.co\/en\/wp-json\/wp\/v2\/types\/page"}],"author":[{"embeddable":true,"href":"https:\/\/www.siontours.com.co\/en\/wp-json\/wp\/v2\/users\/1"}],"replies":[{"embeddable":true,"href":"https:\/\/www.siontours.com.co\/en\/wp-json\/wp\/v2\/comments?post=1387"}],"version-history":[{"count":13,"href":"https:\/\/www.siontours.com.co\/en\/wp-json\/wp\/v2\/pages\/1387\/revisions"}],"predecessor-version":[{"id":2283,"href":"https:\/\/www.siontours.com.co\/en\/wp-json\/wp\/v2\/pages\/1387\/revisions\/2283"}],"up":[{"embeddable":true,"href":"https:\/\/www.siontours.com.co\/en\/wp-json\/wp\/v2\/pages\/1914"}],"wp:featuredmedia":[{"embeddable":true,"href":"https:\/\/www.siontours.com.co\/en\/wp-json\/wp\/v2\/media\/1295"}],"wp:attachment":[{"href":"https:\/\/www.siontours.com.co\/en\/wp-json\/wp\/v2\/media?parent=1387"}],"curies":[{"name":"wp","href":"https:\/\/api.w.org\/{rel}","templated":true}]}}