{"id":1939,"date":"2024-02-26T13:16:47","date_gmt":"2024-02-26T18:16:47","guid":{"rendered":"https:\/\/www.siontours.com.co\/?page_id=1939"},"modified":"2024-02-26T15:26:02","modified_gmt":"2024-02-26T20:26:02","slug":"eco-turismo","status":"publish","type":"page","link":"https:\/\/www.siontours.com.co\/en\/eco-turismo\/","title":{"rendered":"Eco turismo"},"content":{"rendered":"<div class=\"vc_row wpb_row vc_row-fluid\"><div class=\"wpb_column vc_column_container vc_col-sm-12\"><div class=\"vc_column-inner\"><div class=\"wpb_wrapper\"><div class=\"vc_empty_space\"   style=\"height: 40px\"><span class=\"vc_empty_space_inner\"><\/span><\/div><\/div><\/div><\/div><\/div><div class=\"vc_row wpb_row vc_row-fluid\"><div class=\"wpb_column vc_column_container vc_col-sm-12\"><div class=\"vc_column-inner\"><div class=\"wpb_wrapper\">\n\t<div class=\"wpb_text_column wpb_content_element\" >\n\t\t<div class=\"wpb_wrapper\">\n\t\t\t<h1>ACTIVIDADES DISPONIBLES<\/h1>\n\n\t\t<\/div>\n\t<\/div>\n<div class=\"woocommerce columns-4\"><ul class=\"products wrapper-tours-slider\">\n\n<li class=\"item-tour col-md-4 col-sm-6 post-259 product type-product status-publish has-post-thumbnail product_cat-tours-historicos-y-culturales first onbackorder taxable shipping-taxable purchasable product-type-simple\">\n\t<div class=\"item_border item-product\">\n\t\t<div class=\"post_images\">\n\t\t\t<a href=\"https:\/\/www.siontours.com.co\/en\/tienda-de-productos\/palenque-tour\/\" class=\"woocommerce-LoopProduct-link woocommerce-loop-product__link\">\n\t<span class=\"price\"><span class=\"woocommerce-Price-amount amount\"><bdi><span class=\"woocommerce-Price-currencySymbol\">$<\/span>&nbsp;350.000<\/bdi><\/span><\/span>\n<img loading=\"lazy\" decoding=\"async\" width=\"430\" height=\"430\" src=\"https:\/\/www.siontours.com.co\/wp-content\/uploads\/2016\/11\/TOUR-A-PALENQUE-02-430x430.webp\" class=\"attachment-woocommerce_thumbnail size-woocommerce_thumbnail\" alt=\"TOUR A PALENQUE\" srcset=\"https:\/\/www.siontours.com.co\/wp-content\/uploads\/2016\/11\/TOUR-A-PALENQUE-02-430x430.webp 430w, https:\/\/www.siontours.com.co\/wp-content\/uploads\/2016\/11\/TOUR-A-PALENQUE-02-1024x1024.webp 1024w, https:\/\/www.siontours.com.co\/wp-content\/uploads\/2016\/11\/TOUR-A-PALENQUE-02-150x150.webp 150w, https:\/\/www.siontours.com.co\/wp-content\/uploads\/2016\/11\/TOUR-A-PALENQUE-02-768x768.webp 768w, https:\/\/www.siontours.com.co\/wp-content\/uploads\/2016\/11\/TOUR-A-PALENQUE-02-1536x1536.webp 1536w, https:\/\/www.siontours.com.co\/wp-content\/uploads\/2016\/11\/TOUR-A-PALENQUE-02-2048x2048.webp 2048w, https:\/\/www.siontours.com.co\/wp-content\/uploads\/2016\/11\/TOUR-A-PALENQUE-02-820x820.webp 820w, https:\/\/www.siontours.com.co\/wp-content\/uploads\/2016\/11\/TOUR-A-PALENQUE-02-100x100.webp 100w\" sizes=\"auto, (max-width: 430px) 100vw, 430px\" \/><\/a>\t\t<\/div>\n\t\t<div class=\"wrapper_content\">\n\t\t\t<div class=\"post_title\"><h4><a href=\"https:\/\/www.siontours.com.co\/en\/tienda-de-productos\/palenque-tour\/\" rel=\"bookmark\">Tour a Palenque desde Cartagena<\/a><\/h4><\/div><div class=\"description\"><h6>Descubre Palenque, el primer pueblo libre de Am\u00e9rica, y sum\u00e9rgete en su rica herencia cultural y gastron\u00f3mica.<\/h6>\n<\/div>\t\t<\/div>\n\t\t<div class=\"read_more\">\n\t\t\t\n<div class=\"item_rating\"><div class=\"star-rating\" title=\"\"><span style=\"width:0\"><\/span><\/div><\/div><a href=\"\/en\/wp-json\/wp\/v2\/pages\/1939?add-to-cart=259\" aria-describedby=\"woocommerce_loop_add_to_cart_link_describedby_259\" data-quantity=\"1\" class=\"button product_type_simple add_to_cart_button ajax_add_to_cart\" data-product_id=\"259\" data-product_sku=\"\" aria-label=\"Add to cart: \u201cTour a Palenque desde Cartagena\u201d\" rel=\"nofollow\" data-success_message=\"\u201cTour a Palenque desde Cartagena\u201d has been added to your cart\" data-no-translation=\"\" data-trp-gettext=\"\" data-no-translation-aria-label=\"\" data-no-translation-data-success_message=\"\">Add to cart<\/a>\t<span id=\"woocommerce_loop_add_to_cart_link_describedby_259\" class=\"screen-reader-text\">\n\t\t\t<\/span>\n\t\t<\/div>\n\t<\/div>\n<\/li>\n<li class=\"item-tour col-md-4 col-sm-6 post-257 product type-product status-publish has-post-thumbnail product_cat-tour-ecologico product_tag-aves product_tag-ecologico product_tag-excursion product_tag-excursion-en-tierra product_tag-naturaleza product_tag-tour  onbackorder taxable shipping-taxable product-type-simple\">\n\t<div class=\"item_border item-product\">\n\t\t<div class=\"post_images\">\n\t\t\t<a href=\"https:\/\/www.siontours.com.co\/en\/tienda-de-productos\/tour-aviario-nacional-de-colombia\/\" class=\"woocommerce-LoopProduct-link woocommerce-loop-product__link\">\n<img loading=\"lazy\" decoding=\"async\" width=\"430\" height=\"430\" src=\"https:\/\/www.siontours.com.co\/wp-content\/uploads\/2016\/11\/TOUR-AL-AVIARIO-04-430x430.webp\" class=\"attachment-woocommerce_thumbnail size-woocommerce_thumbnail\" alt=\"TOUR AL AVIARIO\" srcset=\"https:\/\/www.siontours.com.co\/wp-content\/uploads\/2016\/11\/TOUR-AL-AVIARIO-04-430x430.webp 430w, https:\/\/www.siontours.com.co\/wp-content\/uploads\/2016\/11\/TOUR-AL-AVIARIO-04-1024x1024.webp 1024w, https:\/\/www.siontours.com.co\/wp-content\/uploads\/2016\/11\/TOUR-AL-AVIARIO-04-150x150.webp 150w, https:\/\/www.siontours.com.co\/wp-content\/uploads\/2016\/11\/TOUR-AL-AVIARIO-04-768x768.webp 768w, https:\/\/www.siontours.com.co\/wp-content\/uploads\/2016\/11\/TOUR-AL-AVIARIO-04-1536x1536.webp 1536w, https:\/\/www.siontours.com.co\/wp-content\/uploads\/2016\/11\/TOUR-AL-AVIARIO-04-2048x2048.webp 2048w, https:\/\/www.siontours.com.co\/wp-content\/uploads\/2016\/11\/TOUR-AL-AVIARIO-04-820x820.webp 820w, https:\/\/www.siontours.com.co\/wp-content\/uploads\/2016\/11\/TOUR-AL-AVIARIO-04-100x100.webp 100w\" sizes=\"auto, (max-width: 430px) 100vw, 430px\" \/><\/a>\t\t<\/div>\n\t\t<div class=\"wrapper_content\">\n\t\t\t<div class=\"post_title\"><h4><a href=\"https:\/\/www.siontours.com.co\/en\/tienda-de-productos\/tour-aviario-nacional-de-colombia\/\" rel=\"bookmark\">Tour al Aviario Nacional de Colombia<\/a><\/h4><\/div><div class=\"description\"><h6>Te ofrecemos una experiencia \u00fanica. Atractivos Imperdibles Encuentro con 1800 Aves<\/h6>\n<\/div>\t\t<\/div>\n\t\t<div class=\"read_more\">\n\t\t\t\n<div class=\"item_rating\"><div class=\"star-rating\" title=\"\"><span style=\"width:0\"><\/span><\/div><\/div><a href=\"https:\/\/www.siontours.com.co\/en\/tienda-de-productos\/tour-aviario-nacional-de-colombia\/\" aria-describedby=\"woocommerce_loop_add_to_cart_link_describedby_257\" data-quantity=\"1\" class=\"button product_type_simple\" data-product_id=\"257\" data-product_sku=\"\" aria-label=\"Read more about \u201cTour al Aviario Nacional de Colombia\u201d\" rel=\"nofollow\" data-success_message=\"\" data-no-translation=\"\" data-trp-gettext=\"\" data-no-translation-aria-label=\"\">Read more<\/a>\t<span id=\"woocommerce_loop_add_to_cart_link_describedby_257\" class=\"screen-reader-text\">\n\t\t\t<\/span>\n\t\t<\/div>\n\t<\/div>\n<\/li>\n<li class=\"item-tour col-md-4 col-sm-6 post-256 product type-product status-publish has-post-thumbnail product_cat-tour-ecologico product_tag-ecologico product_tag-excursion product_tag-excursion-en-tierra product_tag-galerazamba product_tag-lodo product_tag-mar-rosado product_tag-naturaleza product_tag-tour product_tag-volcan  onbackorder taxable shipping-taxable purchasable product-type-simple\">\n\t<div class=\"item_border item-product\">\n\t\t<div class=\"post_images\">\n\t\t\t<a href=\"https:\/\/www.siontours.com.co\/en\/tienda-de-productos\/tour-al-volcan-del-totumo-y-galerazamba\/\" class=\"woocommerce-LoopProduct-link woocommerce-loop-product__link\">\n\t<span class=\"price\"><span class=\"woocommerce-Price-amount amount\"><bdi><span class=\"woocommerce-Price-currencySymbol\">$<\/span>&nbsp;190.000<\/bdi><\/span><\/span>\n<img loading=\"lazy\" decoding=\"async\" width=\"430\" height=\"430\" src=\"https:\/\/www.siontours.com.co\/wp-content\/uploads\/2016\/11\/TOUR-AL-VOLCAN-DEL-TOTUMO-05-430x430.webp\" class=\"attachment-woocommerce_thumbnail size-woocommerce_thumbnail\" alt=\"TOUR AL VOLCAN DEL TOTUMO Y GALERAZAMBA\" srcset=\"https:\/\/www.siontours.com.co\/wp-content\/uploads\/2016\/11\/TOUR-AL-VOLCAN-DEL-TOTUMO-05-430x430.webp 430w, https:\/\/www.siontours.com.co\/wp-content\/uploads\/2016\/11\/TOUR-AL-VOLCAN-DEL-TOTUMO-05-1024x1024.webp 1024w, https:\/\/www.siontours.com.co\/wp-content\/uploads\/2016\/11\/TOUR-AL-VOLCAN-DEL-TOTUMO-05-150x150.webp 150w, https:\/\/www.siontours.com.co\/wp-content\/uploads\/2016\/11\/TOUR-AL-VOLCAN-DEL-TOTUMO-05-768x768.webp 768w, https:\/\/www.siontours.com.co\/wp-content\/uploads\/2016\/11\/TOUR-AL-VOLCAN-DEL-TOTUMO-05-1536x1536.webp 1536w, https:\/\/www.siontours.com.co\/wp-content\/uploads\/2016\/11\/TOUR-AL-VOLCAN-DEL-TOTUMO-05-2048x2048.webp 2048w, https:\/\/www.siontours.com.co\/wp-content\/uploads\/2016\/11\/TOUR-AL-VOLCAN-DEL-TOTUMO-05-820x820.webp 820w, https:\/\/www.siontours.com.co\/wp-content\/uploads\/2016\/11\/TOUR-AL-VOLCAN-DEL-TOTUMO-05-100x100.webp 100w\" sizes=\"auto, (max-width: 430px) 100vw, 430px\" \/><\/a>\t\t<\/div>\n\t\t<div class=\"wrapper_content\">\n\t\t\t<div class=\"post_title\"><h4><a href=\"https:\/\/www.siontours.com.co\/en\/tienda-de-productos\/tour-al-volcan-del-totumo-y-galerazamba\/\" rel=\"bookmark\">Tour al Volc\u00e1n del Totumo y Galerazamba<\/a><\/h4><\/div><div class=\"description\"><h6>Explora una de las joyas ocultas de Cartagena con nuestro tour al Volc\u00e1n del Totumo<\/h6>\n<\/div>\t\t<\/div>\n\t\t<div class=\"read_more\">\n\t\t\t\n<div class=\"item_rating\"><div class=\"star-rating\" title=\"\"><span style=\"width:0\"><\/span><\/div><\/div><a href=\"\/en\/wp-json\/wp\/v2\/pages\/1939?add-to-cart=256\" aria-describedby=\"woocommerce_loop_add_to_cart_link_describedby_256\" data-quantity=\"1\" class=\"button product_type_simple add_to_cart_button ajax_add_to_cart\" data-product_id=\"256\" data-product_sku=\"\" aria-label=\"Add to cart: \u201cTour al Volc\u00e1n del Totumo y Galerazamba\u201d\" rel=\"nofollow\" data-success_message=\"\u201cTour al Volc\u00e1n del Totumo y Galerazamba\u201d has been added to your cart\" data-no-translation=\"\" data-trp-gettext=\"\" data-no-translation-aria-label=\"\" data-no-translation-data-success_message=\"\">Add to cart<\/a>\t<span id=\"woocommerce_loop_add_to_cart_link_describedby_256\" class=\"screen-reader-text\">\n\t\t\t<\/span>\n\t\t<\/div>\n\t<\/div>\n<\/li><\/ul>\n<\/div><\/div><\/div><\/div><\/div><div class=\"vc_row wpb_row vc_row-fluid\"><div class=\"wpb_column vc_column_container vc_col-sm-12\"><div class=\"vc_column-inner\"><div class=\"wpb_wrapper\">\n\t<div class=\"wpb_text_column wpb_content_element\" >\n\t\t<div class=\"wpb_wrapper\">\n\t\t\t<h2><strong>Planifica tu Aventura Eco Tur\u00edstica<\/strong><\/h2>\n<p>Explora todas las experiencias disponibles y reserva tus pr\u00f3ximas aventuras eco tur\u00edsticas con nosotros, contribuyendo a la conservaci\u00f3n y protecci\u00f3n del medio ambiente.<\/p>\n\n\t\t<\/div>\n\t<\/div>\n<\/div><\/div><\/div><\/div>","protected":false},"excerpt":{"rendered":"ACTIVIDADES DISPONIBLES $&nbsp;350.000 Tour a Palenque desde CartagenaDescubre Palenque, el primer pueblo libre de Am\u00e9rica, y sum\u00e9rgete en su rica herencia cultural y gastron\u00f3mica. Add to cart Tour al Aviario Nacional de ColombiaTe ofrecemos una experiencia \u00fanica. Atractivos Imperdibles Encuentro con 1800 Aves Read more $&nbsp;190.000 Tour al Volc\u00e1n del Totumo y GalerazambaExplora [...]","protected":false},"author":1,"featured_media":0,"parent":0,"menu_order":0,"comment_status":"closed","ping_status":"closed","template":"elementor_theme","meta":{"_joinchat":[],"footnotes":""},"class_list":["post-1939","page","type-page","status-publish","hentry"],"yoast_head":"<!-- This site is optimized with the Yoast SEO plugin v27.4 - https:\/\/yoast.com\/product\/yoast-seo-wordpress\/ -->\n<title>Eco turismo - Sion Tours - Agencia de turismo en Cartagena, Colombia<\/title>\n<meta name=\"robots\" content=\"index, follow, max-snippet:-1, max-image-preview:large, max-video-preview:-1\" \/>\n<link rel=\"canonical\" href=\"https:\/\/www.siontours.com.co\/en\/eco-turismo\/\" \/>\n<meta property=\"og:locale\" content=\"en_US\" \/>\n<meta property=\"og:type\" content=\"article\" \/>\n<meta property=\"og:title\" content=\"Eco turismo - Sion Tours - Agencia de turismo en Cartagena, Colombia\" \/>\n<meta property=\"og:url\" content=\"https:\/\/www.siontours.com.co\/en\/eco-turismo\/\" \/>\n<meta property=\"og:site_name\" content=\"Sion Tours - Agencia de turismo en Cartagena, Colombia\" \/>\n<meta property=\"article:publisher\" content=\"https:\/\/www.facebook.com\/SIONTOURSCARTAGENA\/\" \/>\n<meta property=\"article:modified_time\" content=\"2024-02-26T20:26:02+00:00\" \/>\n<meta property=\"og:image\" content=\"https:\/\/www.siontours.com.co\/wp-content\/uploads\/2023\/02\/balcony-7286894-scaled.jpg\" \/>\n\t<meta property=\"og:image:width\" content=\"2560\" \/>\n\t<meta property=\"og:image:height\" content=\"1707\" \/>\n\t<meta property=\"og:image:type\" content=\"image\/jpeg\" \/>\n<meta name=\"twitter:card\" content=\"summary_large_image\" \/>\n<meta name=\"twitter:label1\" content=\"Est. reading time\" \/>\n\t<meta name=\"twitter:data1\" content=\"1 minute\" \/>\n<script type=\"application\/ld+json\" class=\"yoast-schema-graph\">{\"@context\":\"https:\\\/\\\/schema.org\",\"@graph\":[{\"@type\":\"Article\",\"@id\":\"https:\\\/\\\/www.siontours.com.co\\\/eco-turismo\\\/#article\",\"isPartOf\":{\"@id\":\"https:\\\/\\\/www.siontours.com.co\\\/eco-turismo\\\/\"},\"author\":{\"name\":\"siontours\",\"@id\":\"https:\\\/\\\/www.siontours.com.co\\\/#\\\/schema\\\/person\\\/3c9e764f938017adf101d024d7913c5d\"},\"headline\":\"Eco turismo\",\"datePublished\":\"2024-02-26T18:16:47+00:00\",\"dateModified\":\"2024-02-26T20:26:02+00:00\",\"mainEntityOfPage\":{\"@id\":\"https:\\\/\\\/www.siontours.com.co\\\/eco-turismo\\\/\"},\"wordCount\":86,\"publisher\":{\"@id\":\"https:\\\/\\\/www.siontours.com.co\\\/#organization\"},\"inLanguage\":\"en-US\"},{\"@type\":\"WebPage\",\"@id\":\"https:\\\/\\\/www.siontours.com.co\\\/eco-turismo\\\/\",\"url\":\"https:\\\/\\\/www.siontours.com.co\\\/eco-turismo\\\/\",\"name\":\"Eco turismo - Sion Tours - Agencia de turismo en Cartagena, Colombia\",\"isPartOf\":{\"@id\":\"https:\\\/\\\/www.siontours.com.co\\\/#website\"},\"datePublished\":\"2024-02-26T18:16:47+00:00\",\"dateModified\":\"2024-02-26T20:26:02+00:00\",\"breadcrumb\":{\"@id\":\"https:\\\/\\\/www.siontours.com.co\\\/eco-turismo\\\/#breadcrumb\"},\"inLanguage\":\"en-US\",\"potentialAction\":[{\"@type\":\"ReadAction\",\"target\":[\"https:\\\/\\\/www.siontours.com.co\\\/eco-turismo\\\/\"]}]},{\"@type\":\"BreadcrumbList\",\"@id\":\"https:\\\/\\\/www.siontours.com.co\\\/eco-turismo\\\/#breadcrumb\",\"itemListElement\":[{\"@type\":\"ListItem\",\"position\":1,\"name\":\"Portada\",\"item\":\"https:\\\/\\\/www.siontours.com.co\\\/\"},{\"@type\":\"ListItem\",\"position\":2,\"name\":\"Eco turismo\"}]},{\"@type\":\"WebSite\",\"@id\":\"https:\\\/\\\/www.siontours.com.co\\\/#website\",\"url\":\"https:\\\/\\\/www.siontours.com.co\\\/\",\"name\":\"Sion Tours\",\"description\":\"Tours en Cartagena, Colombia\",\"publisher\":{\"@id\":\"https:\\\/\\\/www.siontours.com.co\\\/#organization\"},\"alternateName\":\"Tours en Cartagena\",\"potentialAction\":[{\"@type\":\"SearchAction\",\"target\":{\"@type\":\"EntryPoint\",\"urlTemplate\":\"https:\\\/\\\/www.siontours.com.co\\\/?s={search_term_string}\"},\"query-input\":{\"@type\":\"PropertyValueSpecification\",\"valueRequired\":true,\"valueName\":\"search_term_string\"}}],\"inLanguage\":\"en-US\"},{\"@type\":\"Organization\",\"@id\":\"https:\\\/\\\/www.siontours.com.co\\\/#organization\",\"name\":\"Sion Tours\",\"alternateName\":\"Tours en Cartagena\",\"url\":\"https:\\\/\\\/www.siontours.com.co\\\/\",\"logo\":{\"@type\":\"ImageObject\",\"inLanguage\":\"en-US\",\"@id\":\"https:\\\/\\\/www.siontours.com.co\\\/#\\\/schema\\\/logo\\\/image\\\/\",\"url\":\"https:\\\/\\\/www.siontours.com.co\\\/wp-content\\\/uploads\\\/2022\\\/03\\\/cropped-logo-sion.png\",\"contentUrl\":\"https:\\\/\\\/www.siontours.com.co\\\/wp-content\\\/uploads\\\/2022\\\/03\\\/cropped-logo-sion.png\",\"width\":1528,\"height\":509,\"caption\":\"Sion Tours\"},\"image\":{\"@id\":\"https:\\\/\\\/www.siontours.com.co\\\/#\\\/schema\\\/logo\\\/image\\\/\"},\"sameAs\":[\"https:\\\/\\\/www.facebook.com\\\/SIONTOURSCARTAGENA\\\/\",\"https:\\\/\\\/www.instagram.com\\\/siontourscartagena\\\/\"]},{\"@type\":\"Person\",\"@id\":\"https:\\\/\\\/www.siontours.com.co\\\/#\\\/schema\\\/person\\\/3c9e764f938017adf101d024d7913c5d\",\"name\":\"siontours\",\"image\":{\"@type\":\"ImageObject\",\"inLanguage\":\"en-US\",\"@id\":\"https:\\\/\\\/secure.gravatar.com\\\/avatar\\\/48858a94a95257acba8b19aeadc7d120d4219183b49c345213d78777d6d88e13?s=96&d=mm&r=g\",\"url\":\"https:\\\/\\\/secure.gravatar.com\\\/avatar\\\/48858a94a95257acba8b19aeadc7d120d4219183b49c345213d78777d6d88e13?s=96&d=mm&r=g\",\"contentUrl\":\"https:\\\/\\\/secure.gravatar.com\\\/avatar\\\/48858a94a95257acba8b19aeadc7d120d4219183b49c345213d78777d6d88e13?s=96&d=mm&r=g\",\"caption\":\"siontours\"},\"sameAs\":[\"https:\\\/\\\/www.siontours.com.co\"],\"url\":\"https:\\\/\\\/www.siontours.com.co\\\/en\\\/author\\\/siontours\\\/\"}]}<\/script>\n<!-- \/ Yoast SEO plugin. -->","yoast_head_json":{"title":"Eco turismo - Sion Tours - Agencia de turismo en Cartagena, Colombia","robots":{"index":"index","follow":"follow","max-snippet":"max-snippet:-1","max-image-preview":"max-image-preview:large","max-video-preview":"max-video-preview:-1"},"canonical":"https:\/\/www.siontours.com.co\/en\/eco-turismo\/","og_locale":"en_US","og_type":"article","og_title":"Eco turismo - Sion Tours - Agencia de turismo en Cartagena, Colombia","og_url":"https:\/\/www.siontours.com.co\/en\/eco-turismo\/","og_site_name":"Sion Tours - Agencia de turismo en Cartagena, Colombia","article_publisher":"https:\/\/www.facebook.com\/SIONTOURSCARTAGENA\/","article_modified_time":"2024-02-26T20:26:02+00:00","og_image":[{"width":2560,"height":1707,"url":"https:\/\/www.siontours.com.co\/wp-content\/uploads\/2023\/02\/balcony-7286894-scaled.jpg","type":"image\/jpeg"}],"twitter_card":"summary_large_image","twitter_misc":{"Est. reading time":"1 minute"},"schema":{"@context":"https:\/\/schema.org","@graph":[{"@type":"Article","@id":"https:\/\/www.siontours.com.co\/eco-turismo\/#article","isPartOf":{"@id":"https:\/\/www.siontours.com.co\/eco-turismo\/"},"author":{"name":"siontours","@id":"https:\/\/www.siontours.com.co\/#\/schema\/person\/3c9e764f938017adf101d024d7913c5d"},"headline":"Eco turismo","datePublished":"2024-02-26T18:16:47+00:00","dateModified":"2024-02-26T20:26:02+00:00","mainEntityOfPage":{"@id":"https:\/\/www.siontours.com.co\/eco-turismo\/"},"wordCount":86,"publisher":{"@id":"https:\/\/www.siontours.com.co\/#organization"},"inLanguage":"en-US"},{"@type":"WebPage","@id":"https:\/\/www.siontours.com.co\/eco-turismo\/","url":"https:\/\/www.siontours.com.co\/eco-turismo\/","name":"Eco turismo - Sion Tours - Agencia de turismo en Cartagena, Colombia","isPartOf":{"@id":"https:\/\/www.siontours.com.co\/#website"},"datePublished":"2024-02-26T18:16:47+00:00","dateModified":"2024-02-26T20:26:02+00:00","breadcrumb":{"@id":"https:\/\/www.siontours.com.co\/eco-turismo\/#breadcrumb"},"inLanguage":"en-US","potentialAction":[{"@type":"ReadAction","target":["https:\/\/www.siontours.com.co\/eco-turismo\/"]}]},{"@type":"BreadcrumbList","@id":"https:\/\/www.siontours.com.co\/eco-turismo\/#breadcrumb","itemListElement":[{"@type":"ListItem","position":1,"name":"Portada","item":"https:\/\/www.siontours.com.co\/"},{"@type":"ListItem","position":2,"name":"Eco turismo"}]},{"@type":"WebSite","@id":"https:\/\/www.siontours.com.co\/#website","url":"https:\/\/www.siontours.com.co\/","name":"Sion Tours","description":"Tours en Cartagena, Colombia","publisher":{"@id":"https:\/\/www.siontours.com.co\/#organization"},"alternateName":"Tours en Cartagena","potentialAction":[{"@type":"SearchAction","target":{"@type":"EntryPoint","urlTemplate":"https:\/\/www.siontours.com.co\/?s={search_term_string}"},"query-input":{"@type":"PropertyValueSpecification","valueRequired":true,"valueName":"search_term_string"}}],"inLanguage":"en-US"},{"@type":"Organization","@id":"https:\/\/www.siontours.com.co\/#organization","name":"Sion Tours","alternateName":"Tours en Cartagena","url":"https:\/\/www.siontours.com.co\/","logo":{"@type":"ImageObject","inLanguage":"en-US","@id":"https:\/\/www.siontours.com.co\/#\/schema\/logo\/image\/","url":"https:\/\/www.siontours.com.co\/wp-content\/uploads\/2022\/03\/cropped-logo-sion.png","contentUrl":"https:\/\/www.siontours.com.co\/wp-content\/uploads\/2022\/03\/cropped-logo-sion.png","width":1528,"height":509,"caption":"Sion Tours"},"image":{"@id":"https:\/\/www.siontours.com.co\/#\/schema\/logo\/image\/"},"sameAs":["https:\/\/www.facebook.com\/SIONTOURSCARTAGENA\/","https:\/\/www.instagram.com\/siontourscartagena\/"]},{"@type":"Person","@id":"https:\/\/www.siontours.com.co\/#\/schema\/person\/3c9e764f938017adf101d024d7913c5d","name":"siontours","image":{"@type":"ImageObject","inLanguage":"en-US","@id":"https:\/\/secure.gravatar.com\/avatar\/48858a94a95257acba8b19aeadc7d120d4219183b49c345213d78777d6d88e13?s=96&d=mm&r=g","url":"https:\/\/secure.gravatar.com\/avatar\/48858a94a95257acba8b19aeadc7d120d4219183b49c345213d78777d6d88e13?s=96&d=mm&r=g","contentUrl":"https:\/\/secure.gravatar.com\/avatar\/48858a94a95257acba8b19aeadc7d120d4219183b49c345213d78777d6d88e13?s=96&d=mm&r=g","caption":"siontours"},"sameAs":["https:\/\/www.siontours.com.co"],"url":"https:\/\/www.siontours.com.co\/en\/author\/siontours\/"}]}},"_links":{"self":[{"href":"https:\/\/www.siontours.com.co\/en\/wp-json\/wp\/v2\/pages\/1939","targetHints":{"allow":["GET"]}}],"collection":[{"href":"https:\/\/www.siontours.com.co\/en\/wp-json\/wp\/v2\/pages"}],"about":[{"href":"https:\/\/www.siontours.com.co\/en\/wp-json\/wp\/v2\/types\/page"}],"author":[{"embeddable":true,"href":"https:\/\/www.siontours.com.co\/en\/wp-json\/wp\/v2\/users\/1"}],"replies":[{"embeddable":true,"href":"https:\/\/www.siontours.com.co\/en\/wp-json\/wp\/v2\/comments?post=1939"}],"version-history":[{"count":4,"href":"https:\/\/www.siontours.com.co\/en\/wp-json\/wp\/v2\/pages\/1939\/revisions"}],"predecessor-version":[{"id":2004,"href":"https:\/\/www.siontours.com.co\/en\/wp-json\/wp\/v2\/pages\/1939\/revisions\/2004"}],"wp:attachment":[{"href":"https:\/\/www.siontours.com.co\/en\/wp-json\/wp\/v2\/media?parent=1939"}],"curies":[{"name":"wp","href":"https:\/\/api.w.org\/{rel}","templated":true}]}}