{"id":1940,"date":"2024-02-26T13:19:29","date_gmt":"2024-02-26T18:19:29","guid":{"rendered":"https:\/\/www.siontours.com.co\/?page_id=1940"},"modified":"2024-04-26T14:16:54","modified_gmt":"2024-04-26T19:16:54","slug":"tours-gastronomicos","status":"publish","type":"page","link":"https:\/\/www.siontours.com.co\/en\/tours-gastronomicos\/","title":{"rendered":"Tours gastron\u00f3micos"},"content":{"rendered":"<div class=\"vc_row wpb_row vc_row-fluid\"><div class=\"wpb_column vc_column_container vc_col-sm-12\"><div class=\"vc_column-inner\"><div class=\"wpb_wrapper\">\n\t<div class=\"wpb_text_column wpb_content_element\" >\n\t\t<div class=\"wpb_wrapper\">\n\t\t\t<h1>ACTIVIDADES DISPONIBLES<\/h1>\n\n\t\t<\/div>\n\t<\/div>\n<\/div><\/div><\/div><\/div><div class=\"vc_row wpb_row vc_row-fluid\"><div class=\"wpb_column vc_column_container vc_col-sm-12\"><div class=\"vc_column-inner\"><div class=\"wpb_wrapper\"><div class=\"woocommerce columns-4\"><ul class=\"products wrapper-tours-slider\">\n\n<li class=\"item-tour col-md-4 col-sm-6 post-2301 product type-product status-publish has-post-thumbnail product_cat-tour-gastronomicos product_tag-cartagena product_tag-clase product_tag-cocina product_tag-comida product_tag-degustaciones product_tag-gastronomico first onbackorder taxable shipping-taxable purchasable product-type-simple\">\n\t<div class=\"item_border item-product\">\n\t\t<div class=\"post_images\">\n\t\t\t<a href=\"https:\/\/www.siontours.com.co\/en\/tienda-de-productos\/cooking-class-en-cartagena\/\" class=\"woocommerce-LoopProduct-link woocommerce-loop-product__link\">\n\t<span class=\"price\"><span class=\"woocommerce-Price-amount amount\"><bdi><span class=\"woocommerce-Price-currencySymbol\">$<\/span>&nbsp;210.000<\/bdi><\/span><\/span>\n<img loading=\"lazy\" decoding=\"async\" width=\"430\" height=\"430\" src=\"https:\/\/www.siontours.com.co\/wp-content\/uploads\/2024\/03\/CLASE-DE-COCINA-05-430x430.webp\" class=\"attachment-woocommerce_thumbnail size-woocommerce_thumbnail\" alt=\"COOKING CLASS\" srcset=\"https:\/\/www.siontours.com.co\/wp-content\/uploads\/2024\/03\/CLASE-DE-COCINA-05-430x430.webp 430w, https:\/\/www.siontours.com.co\/wp-content\/uploads\/2024\/03\/CLASE-DE-COCINA-05-1024x1024.webp 1024w, https:\/\/www.siontours.com.co\/wp-content\/uploads\/2024\/03\/CLASE-DE-COCINA-05-150x150.webp 150w, https:\/\/www.siontours.com.co\/wp-content\/uploads\/2024\/03\/CLASE-DE-COCINA-05-768x768.webp 768w, https:\/\/www.siontours.com.co\/wp-content\/uploads\/2024\/03\/CLASE-DE-COCINA-05-1536x1536.webp 1536w, https:\/\/www.siontours.com.co\/wp-content\/uploads\/2024\/03\/CLASE-DE-COCINA-05-2048x2048.webp 2048w, https:\/\/www.siontours.com.co\/wp-content\/uploads\/2024\/03\/CLASE-DE-COCINA-05-820x820.webp 820w, https:\/\/www.siontours.com.co\/wp-content\/uploads\/2024\/03\/CLASE-DE-COCINA-05-100x100.webp 100w\" sizes=\"auto, (max-width: 430px) 100vw, 430px\" \/><\/a>\t\t<\/div>\n\t\t<div class=\"wrapper_content\">\n\t\t\t<div class=\"post_title\"><h4><a href=\"https:\/\/www.siontours.com.co\/en\/tienda-de-productos\/cooking-class-en-cartagena\/\" rel=\"bookmark\">Cooking Class &#8211; Sabor Caribe<\/a><\/h4><\/div><div class=\"description\"><h6><em>Taller de cocina en Cartagena aprende a hacer ceviche, patacones y cocteles con chefs locales. \u00a1Incluye degustaci\u00f3n y recetas aut\u00e9nticas!<\/em><\/h6>\n<\/div>\t\t<\/div>\n\t\t<div class=\"read_more\">\n\t\t\t\n<div class=\"item_rating\"><div class=\"star-rating\" title=\"\"><span style=\"width:0\"><\/span><\/div><\/div><a href=\"\/en\/wp-json\/wp\/v2\/pages\/1940?add-to-cart=2301\" aria-describedby=\"woocommerce_loop_add_to_cart_link_describedby_2301\" data-quantity=\"1\" class=\"button product_type_simple add_to_cart_button ajax_add_to_cart\" data-product_id=\"2301\" data-product_sku=\"\" aria-label=\"Add to cart: \u201cCooking Class - Sabor Caribe\u201d\" rel=\"nofollow\" data-success_message=\"\u201cCooking Class - Sabor Caribe\u201d has been added to your cart\" data-no-translation=\"\" data-trp-gettext=\"\" data-no-translation-aria-label=\"\" data-no-translation-data-success_message=\"\">Add to cart<\/a>\t<span id=\"woocommerce_loop_add_to_cart_link_describedby_2301\" class=\"screen-reader-text\">\n\t\t\t<\/span>\n\t\t<\/div>\n\t<\/div>\n<\/li><\/ul>\n<\/div><\/div><\/div><\/div><\/div>","protected":false},"excerpt":{"rendered":"ACTIVIDADES DISPONIBLES $&nbsp;210.000 Cooking Class &#8211; Sabor CaribeTaller de cocina en Cartagena aprende a hacer ceviche, patacones y cocteles con chefs locales. \u00a1Incluye degustaci\u00f3n y recetas aut\u00e9nticas! Add to cart","protected":false},"author":1,"featured_media":1570,"parent":0,"menu_order":0,"comment_status":"closed","ping_status":"closed","template":"","meta":{"_joinchat":[],"footnotes":""},"class_list":["post-1940","page","type-page","status-publish","has-post-thumbnail","hentry"],"yoast_head":"<!-- This site is optimized with the Yoast SEO plugin v27.4 - https:\/\/yoast.com\/product\/yoast-seo-wordpress\/ -->\n<title>City tour y Tour clase de Cocina en Cartagena Sion Tours - Agencia de turismo en Cartagena, Colombia<\/title>\n<meta name=\"description\" content=\"Tour gastron\u00f3micos en Cartagena, clase de cocina en Cartagena, conoce la historia y las comidas t\u00edpicas de la regi\u00f3n\" \/>\n<meta name=\"robots\" content=\"index, follow, max-snippet:-1, max-image-preview:large, max-video-preview:-1\" \/>\n<link rel=\"canonical\" href=\"https:\/\/www.siontours.com.co\/en\/tours-gastronomicos\/\" \/>\n<meta property=\"og:locale\" content=\"en_US\" \/>\n<meta property=\"og:type\" content=\"article\" \/>\n<meta property=\"og:title\" content=\"City tour y Tour clase de Cocina en Cartagena Sion Tours - Agencia de turismo en Cartagena, Colombia\" \/>\n<meta property=\"og:description\" content=\"Tour gastron\u00f3micos en Cartagena, clase de cocina en Cartagena, conoce la historia y las comidas t\u00edpicas de la regi\u00f3n\" \/>\n<meta property=\"og:url\" content=\"https:\/\/www.siontours.com.co\/en\/tours-gastronomicos\/\" \/>\n<meta property=\"og:site_name\" content=\"Sion Tours - Agencia de turismo en Cartagena, Colombia\" \/>\n<meta property=\"article:publisher\" content=\"https:\/\/www.facebook.com\/SIONTOURSCARTAGENA\/\" \/>\n<meta property=\"article:modified_time\" content=\"2024-04-26T19:16:54+00:00\" \/>\n<meta property=\"og:image\" content=\"https:\/\/www.siontours.com.co\/wp-content\/uploads\/2023\/02\/4.png\" \/>\n\t<meta property=\"og:image:width\" content=\"1024\" \/>\n\t<meta property=\"og:image:height\" content=\"768\" \/>\n\t<meta property=\"og:image:type\" content=\"image\/png\" \/>\n<meta name=\"twitter:card\" content=\"summary_large_image\" \/>\n<meta name=\"twitter:label1\" content=\"Est. reading time\" \/>\n\t<meta name=\"twitter:data1\" content=\"1 minute\" \/>\n<script type=\"application\/ld+json\" class=\"yoast-schema-graph\">{\"@context\":\"https:\\\/\\\/schema.org\",\"@graph\":[{\"@type\":\"Article\",\"@id\":\"https:\\\/\\\/www.siontours.com.co\\\/tours-gastronomicos\\\/#article\",\"isPartOf\":{\"@id\":\"https:\\\/\\\/www.siontours.com.co\\\/tours-gastronomicos\\\/\"},\"author\":{\"name\":\"siontours\",\"@id\":\"https:\\\/\\\/www.siontours.com.co\\\/#\\\/schema\\\/person\\\/3c9e764f938017adf101d024d7913c5d\"},\"headline\":\"Tours gastron\u00f3micos\",\"datePublished\":\"2024-02-26T18:19:29+00:00\",\"dateModified\":\"2024-04-26T19:16:54+00:00\",\"mainEntityOfPage\":{\"@id\":\"https:\\\/\\\/www.siontours.com.co\\\/tours-gastronomicos\\\/\"},\"wordCount\":34,\"publisher\":{\"@id\":\"https:\\\/\\\/www.siontours.com.co\\\/#organization\"},\"image\":{\"@id\":\"https:\\\/\\\/www.siontours.com.co\\\/tours-gastronomicos\\\/#primaryimage\"},\"thumbnailUrl\":\"https:\\\/\\\/www.siontours.com.co\\\/wp-content\\\/uploads\\\/2023\\\/02\\\/4.png\",\"inLanguage\":\"en-US\"},{\"@type\":\"WebPage\",\"@id\":\"https:\\\/\\\/www.siontours.com.co\\\/tours-gastronomicos\\\/\",\"url\":\"https:\\\/\\\/www.siontours.com.co\\\/tours-gastronomicos\\\/\",\"name\":\"City tour y Tour clase de Cocina en Cartagena Sion Tours - Agencia de turismo en Cartagena, Colombia\",\"isPartOf\":{\"@id\":\"https:\\\/\\\/www.siontours.com.co\\\/#website\"},\"primaryImageOfPage\":{\"@id\":\"https:\\\/\\\/www.siontours.com.co\\\/tours-gastronomicos\\\/#primaryimage\"},\"image\":{\"@id\":\"https:\\\/\\\/www.siontours.com.co\\\/tours-gastronomicos\\\/#primaryimage\"},\"thumbnailUrl\":\"https:\\\/\\\/www.siontours.com.co\\\/wp-content\\\/uploads\\\/2023\\\/02\\\/4.png\",\"datePublished\":\"2024-02-26T18:19:29+00:00\",\"dateModified\":\"2024-04-26T19:16:54+00:00\",\"description\":\"Tour gastron\u00f3micos en Cartagena, clase de cocina en Cartagena, conoce la historia y las comidas t\u00edpicas de la regi\u00f3n\",\"breadcrumb\":{\"@id\":\"https:\\\/\\\/www.siontours.com.co\\\/tours-gastronomicos\\\/#breadcrumb\"},\"inLanguage\":\"en-US\",\"potentialAction\":[{\"@type\":\"ReadAction\",\"target\":[\"https:\\\/\\\/www.siontours.com.co\\\/tours-gastronomicos\\\/\"]}]},{\"@type\":\"ImageObject\",\"inLanguage\":\"en-US\",\"@id\":\"https:\\\/\\\/www.siontours.com.co\\\/tours-gastronomicos\\\/#primaryimage\",\"url\":\"https:\\\/\\\/www.siontours.com.co\\\/wp-content\\\/uploads\\\/2023\\\/02\\\/4.png\",\"contentUrl\":\"https:\\\/\\\/www.siontours.com.co\\\/wp-content\\\/uploads\\\/2023\\\/02\\\/4.png\",\"width\":1024,\"height\":768,\"caption\":\"Islas del rosario Isla Lizamar\"},{\"@type\":\"BreadcrumbList\",\"@id\":\"https:\\\/\\\/www.siontours.com.co\\\/tours-gastronomicos\\\/#breadcrumb\",\"itemListElement\":[{\"@type\":\"ListItem\",\"position\":1,\"name\":\"Portada\",\"item\":\"https:\\\/\\\/www.siontours.com.co\\\/\"},{\"@type\":\"ListItem\",\"position\":2,\"name\":\"Tours gastron\u00f3micos\"}]},{\"@type\":\"WebSite\",\"@id\":\"https:\\\/\\\/www.siontours.com.co\\\/#website\",\"url\":\"https:\\\/\\\/www.siontours.com.co\\\/\",\"name\":\"Sion Tours\",\"description\":\"Tours en Cartagena, Colombia\",\"publisher\":{\"@id\":\"https:\\\/\\\/www.siontours.com.co\\\/#organization\"},\"alternateName\":\"Tours en Cartagena\",\"potentialAction\":[{\"@type\":\"SearchAction\",\"target\":{\"@type\":\"EntryPoint\",\"urlTemplate\":\"https:\\\/\\\/www.siontours.com.co\\\/?s={search_term_string}\"},\"query-input\":{\"@type\":\"PropertyValueSpecification\",\"valueRequired\":true,\"valueName\":\"search_term_string\"}}],\"inLanguage\":\"en-US\"},{\"@type\":\"Organization\",\"@id\":\"https:\\\/\\\/www.siontours.com.co\\\/#organization\",\"name\":\"Sion Tours\",\"alternateName\":\"Tours en Cartagena\",\"url\":\"https:\\\/\\\/www.siontours.com.co\\\/\",\"logo\":{\"@type\":\"ImageObject\",\"inLanguage\":\"en-US\",\"@id\":\"https:\\\/\\\/www.siontours.com.co\\\/#\\\/schema\\\/logo\\\/image\\\/\",\"url\":\"https:\\\/\\\/www.siontours.com.co\\\/wp-content\\\/uploads\\\/2022\\\/03\\\/cropped-logo-sion.png\",\"contentUrl\":\"https:\\\/\\\/www.siontours.com.co\\\/wp-content\\\/uploads\\\/2022\\\/03\\\/cropped-logo-sion.png\",\"width\":1528,\"height\":509,\"caption\":\"Sion Tours\"},\"image\":{\"@id\":\"https:\\\/\\\/www.siontours.com.co\\\/#\\\/schema\\\/logo\\\/image\\\/\"},\"sameAs\":[\"https:\\\/\\\/www.facebook.com\\\/SIONTOURSCARTAGENA\\\/\",\"https:\\\/\\\/www.instagram.com\\\/siontourscartagena\\\/\"]},{\"@type\":\"Person\",\"@id\":\"https:\\\/\\\/www.siontours.com.co\\\/#\\\/schema\\\/person\\\/3c9e764f938017adf101d024d7913c5d\",\"name\":\"siontours\",\"image\":{\"@type\":\"ImageObject\",\"inLanguage\":\"en-US\",\"@id\":\"https:\\\/\\\/secure.gravatar.com\\\/avatar\\\/48858a94a95257acba8b19aeadc7d120d4219183b49c345213d78777d6d88e13?s=96&d=mm&r=g\",\"url\":\"https:\\\/\\\/secure.gravatar.com\\\/avatar\\\/48858a94a95257acba8b19aeadc7d120d4219183b49c345213d78777d6d88e13?s=96&d=mm&r=g\",\"contentUrl\":\"https:\\\/\\\/secure.gravatar.com\\\/avatar\\\/48858a94a95257acba8b19aeadc7d120d4219183b49c345213d78777d6d88e13?s=96&d=mm&r=g\",\"caption\":\"siontours\"},\"sameAs\":[\"https:\\\/\\\/www.siontours.com.co\"],\"url\":\"https:\\\/\\\/www.siontours.com.co\\\/en\\\/author\\\/siontours\\\/\"}]}<\/script>\n<!-- \/ Yoast SEO plugin. -->","yoast_head_json":{"title":"City tour y Tour clase de Cocina en Cartagena Sion Tours - Agencia de turismo en Cartagena, Colombia","description":"Tour gastron\u00f3micos en Cartagena, clase de cocina en Cartagena, conoce la historia y las comidas t\u00edpicas de la regi\u00f3n","robots":{"index":"index","follow":"follow","max-snippet":"max-snippet:-1","max-image-preview":"max-image-preview:large","max-video-preview":"max-video-preview:-1"},"canonical":"https:\/\/www.siontours.com.co\/en\/tours-gastronomicos\/","og_locale":"en_US","og_type":"article","og_title":"City tour y Tour clase de Cocina en Cartagena Sion Tours - Agencia de turismo en Cartagena, Colombia","og_description":"Tour gastron\u00f3micos en Cartagena, clase de cocina en Cartagena, conoce la historia y las comidas t\u00edpicas de la regi\u00f3n","og_url":"https:\/\/www.siontours.com.co\/en\/tours-gastronomicos\/","og_site_name":"Sion Tours - Agencia de turismo en Cartagena, Colombia","article_publisher":"https:\/\/www.facebook.com\/SIONTOURSCARTAGENA\/","article_modified_time":"2024-04-26T19:16:54+00:00","og_image":[{"width":1024,"height":768,"url":"https:\/\/www.siontours.com.co\/wp-content\/uploads\/2023\/02\/4.png","type":"image\/png"}],"twitter_card":"summary_large_image","twitter_misc":{"Est. reading time":"1 minute"},"schema":{"@context":"https:\/\/schema.org","@graph":[{"@type":"Article","@id":"https:\/\/www.siontours.com.co\/tours-gastronomicos\/#article","isPartOf":{"@id":"https:\/\/www.siontours.com.co\/tours-gastronomicos\/"},"author":{"name":"siontours","@id":"https:\/\/www.siontours.com.co\/#\/schema\/person\/3c9e764f938017adf101d024d7913c5d"},"headline":"Tours gastron\u00f3micos","datePublished":"2024-02-26T18:19:29+00:00","dateModified":"2024-04-26T19:16:54+00:00","mainEntityOfPage":{"@id":"https:\/\/www.siontours.com.co\/tours-gastronomicos\/"},"wordCount":34,"publisher":{"@id":"https:\/\/www.siontours.com.co\/#organization"},"image":{"@id":"https:\/\/www.siontours.com.co\/tours-gastronomicos\/#primaryimage"},"thumbnailUrl":"https:\/\/www.siontours.com.co\/wp-content\/uploads\/2023\/02\/4.png","inLanguage":"en-US"},{"@type":"WebPage","@id":"https:\/\/www.siontours.com.co\/tours-gastronomicos\/","url":"https:\/\/www.siontours.com.co\/tours-gastronomicos\/","name":"City tour y Tour clase de Cocina en Cartagena Sion Tours - Agencia de turismo en Cartagena, Colombia","isPartOf":{"@id":"https:\/\/www.siontours.com.co\/#website"},"primaryImageOfPage":{"@id":"https:\/\/www.siontours.com.co\/tours-gastronomicos\/#primaryimage"},"image":{"@id":"https:\/\/www.siontours.com.co\/tours-gastronomicos\/#primaryimage"},"thumbnailUrl":"https:\/\/www.siontours.com.co\/wp-content\/uploads\/2023\/02\/4.png","datePublished":"2024-02-26T18:19:29+00:00","dateModified":"2024-04-26T19:16:54+00:00","description":"Tour gastron\u00f3micos en Cartagena, clase de cocina en Cartagena, conoce la historia y las comidas t\u00edpicas de la regi\u00f3n","breadcrumb":{"@id":"https:\/\/www.siontours.com.co\/tours-gastronomicos\/#breadcrumb"},"inLanguage":"en-US","potentialAction":[{"@type":"ReadAction","target":["https:\/\/www.siontours.com.co\/tours-gastronomicos\/"]}]},{"@type":"ImageObject","inLanguage":"en-US","@id":"https:\/\/www.siontours.com.co\/tours-gastronomicos\/#primaryimage","url":"https:\/\/www.siontours.com.co\/wp-content\/uploads\/2023\/02\/4.png","contentUrl":"https:\/\/www.siontours.com.co\/wp-content\/uploads\/2023\/02\/4.png","width":1024,"height":768,"caption":"Islas del rosario Isla Lizamar"},{"@type":"BreadcrumbList","@id":"https:\/\/www.siontours.com.co\/tours-gastronomicos\/#breadcrumb","itemListElement":[{"@type":"ListItem","position":1,"name":"Portada","item":"https:\/\/www.siontours.com.co\/"},{"@type":"ListItem","position":2,"name":"Tours gastron\u00f3micos"}]},{"@type":"WebSite","@id":"https:\/\/www.siontours.com.co\/#website","url":"https:\/\/www.siontours.com.co\/","name":"Sion Tours","description":"Tours en Cartagena, Colombia","publisher":{"@id":"https:\/\/www.siontours.com.co\/#organization"},"alternateName":"Tours en Cartagena","potentialAction":[{"@type":"SearchAction","target":{"@type":"EntryPoint","urlTemplate":"https:\/\/www.siontours.com.co\/?s={search_term_string}"},"query-input":{"@type":"PropertyValueSpecification","valueRequired":true,"valueName":"search_term_string"}}],"inLanguage":"en-US"},{"@type":"Organization","@id":"https:\/\/www.siontours.com.co\/#organization","name":"Sion Tours","alternateName":"Tours en Cartagena","url":"https:\/\/www.siontours.com.co\/","logo":{"@type":"ImageObject","inLanguage":"en-US","@id":"https:\/\/www.siontours.com.co\/#\/schema\/logo\/image\/","url":"https:\/\/www.siontours.com.co\/wp-content\/uploads\/2022\/03\/cropped-logo-sion.png","contentUrl":"https:\/\/www.siontours.com.co\/wp-content\/uploads\/2022\/03\/cropped-logo-sion.png","width":1528,"height":509,"caption":"Sion Tours"},"image":{"@id":"https:\/\/www.siontours.com.co\/#\/schema\/logo\/image\/"},"sameAs":["https:\/\/www.facebook.com\/SIONTOURSCARTAGENA\/","https:\/\/www.instagram.com\/siontourscartagena\/"]},{"@type":"Person","@id":"https:\/\/www.siontours.com.co\/#\/schema\/person\/3c9e764f938017adf101d024d7913c5d","name":"siontours","image":{"@type":"ImageObject","inLanguage":"en-US","@id":"https:\/\/secure.gravatar.com\/avatar\/48858a94a95257acba8b19aeadc7d120d4219183b49c345213d78777d6d88e13?s=96&d=mm&r=g","url":"https:\/\/secure.gravatar.com\/avatar\/48858a94a95257acba8b19aeadc7d120d4219183b49c345213d78777d6d88e13?s=96&d=mm&r=g","contentUrl":"https:\/\/secure.gravatar.com\/avatar\/48858a94a95257acba8b19aeadc7d120d4219183b49c345213d78777d6d88e13?s=96&d=mm&r=g","caption":"siontours"},"sameAs":["https:\/\/www.siontours.com.co"],"url":"https:\/\/www.siontours.com.co\/en\/author\/siontours\/"}]}},"_links":{"self":[{"href":"https:\/\/www.siontours.com.co\/en\/wp-json\/wp\/v2\/pages\/1940","targetHints":{"allow":["GET"]}}],"collection":[{"href":"https:\/\/www.siontours.com.co\/en\/wp-json\/wp\/v2\/pages"}],"about":[{"href":"https:\/\/www.siontours.com.co\/en\/wp-json\/wp\/v2\/types\/page"}],"author":[{"embeddable":true,"href":"https:\/\/www.siontours.com.co\/en\/wp-json\/wp\/v2\/users\/1"}],"replies":[{"embeddable":true,"href":"https:\/\/www.siontours.com.co\/en\/wp-json\/wp\/v2\/comments?post=1940"}],"version-history":[{"count":3,"href":"https:\/\/www.siontours.com.co\/en\/wp-json\/wp\/v2\/pages\/1940\/revisions"}],"predecessor-version":[{"id":2370,"href":"https:\/\/www.siontours.com.co\/en\/wp-json\/wp\/v2\/pages\/1940\/revisions\/2370"}],"wp:featuredmedia":[{"embeddable":true,"href":"https:\/\/www.siontours.com.co\/en\/wp-json\/wp\/v2\/media\/1570"}],"wp:attachment":[{"href":"https:\/\/www.siontours.com.co\/en\/wp-json\/wp\/v2\/media?parent=1940"}],"curies":[{"name":"wp","href":"https:\/\/api.w.org\/{rel}","templated":true}]}}