{"id":1950,"date":"2024-02-26T13:23:24","date_gmt":"2024-02-26T18:23:24","guid":{"rendered":"https:\/\/www.siontours.com.co\/?page_id=1950"},"modified":"2024-03-06T12:45:27","modified_gmt":"2024-03-06T17:45:27","slug":"isla-tintipan","status":"publish","type":"page","link":"https:\/\/www.siontours.com.co\/en\/isla-tintipan\/","title":{"rendered":"Isla tintip\u00e1n"},"content":{"rendered":"<div class=\"vc_row wpb_row vc_row-fluid\"><div class=\"wpb_column vc_column_container vc_col-sm-12\"><div class=\"vc_column-inner\"><div class=\"wpb_wrapper\"><\/div><\/div><\/div><\/div><div class=\"vc_row wpb_row vc_row-fluid\"><div class=\"wpb_column vc_column_container vc_col-sm-6\"><div class=\"vc_column-inner\"><div class=\"wpb_wrapper\">\n\t<div class=\"wpb_text_column wpb_content_element \" >\n\t\t<div class=\"wpb_wrapper\">\n\t\t\t<h1><span style=\"color: #003366;\"><strong>Bienvenido a la Isla Tintipan: Un Para\u00edso Caribe\u00f1o por Descubrir<\/strong><\/span><\/h1>\n<p>Ubicada en el Caribe colombiano, la Isla Tintipan es un destino de ensue\u00f1o que te transporta a un mundo de tranquilidad y serenidad. Con aguas cristalinas, playas de arena blanca y una exuberante vegetaci\u00f3n tropical, esta isla paradis\u00edaca te ofrece una experiencia \u00fanica de relajaci\u00f3n y conexi\u00f3n con la naturaleza.<\/p>\n<h2><strong>Disfruta de actividades acu\u00e1ticas emocionantes:<\/strong><\/h2>\n<p>Ya sea que prefieras el buceo, el snorkel, el kayak o simplemente relajarte en la playa, la Isla Tintipan ofrece una amplia gama de actividades acu\u00e1ticas para todos los gustos y niveles de experiencia. Emb\u00e1rcate en una aventura marina inolvidable y crea recuerdos que durar\u00e1n toda la vida.<\/p>\n<p>&nbsp;<\/p>\n<h1><strong>\u00a1Ven y descubre la magia de la Isla Tintipan!<\/strong><\/h1>\n\n\t\t<\/div>\n\t<\/div>\n<\/div><\/div><\/div><div class=\"wpb_column vc_column_container vc_col-sm-6\"><div class=\"vc_column-inner\"><div class=\"wpb_wrapper\"><div class=\"wpb_gallery wpb_content_element vc_clearfix wpb_animate_when_almost_visible wpb_zoomInLeft zoomInLeft\" ><div class=\"wpb_wrapper\"><div class=\"wpb_gallery_slides wpb_image_grid\" data-interval=\"3\"><ul class=\"wpb_image_grid_ul\"><li class=\"isotope-item\"><a class=\"\" href=\"https:\/\/www.siontours.com.co\/wp-content\/uploads\/2024\/03\/IMG-20240306-WA0068-jpg.webp\" data-lightbox=\"lightbox[rel-1950-4292185899]\"><img loading=\"lazy\" decoding=\"async\" class=\"\" src=\"https:\/\/www.siontours.com.co\/wp-content\/uploads\/2024\/03\/IMG-20240306-WA0068-jpg-250x150.webp\" width=\"250\" height=\"150\" alt=\"Isla Tintipan Tour\" title=\"Isla Tintipan Tour\" \/><\/a><\/li><li class=\"isotope-item\"><a class=\"\" href=\"https:\/\/www.siontours.com.co\/wp-content\/uploads\/2024\/03\/IMG-20240306-WA0066-jpg.webp\" data-lightbox=\"lightbox[rel-1950-4292185899]\"><img loading=\"lazy\" decoding=\"async\" class=\"\" src=\"https:\/\/www.siontours.com.co\/wp-content\/uploads\/2024\/03\/IMG-20240306-WA0066-jpg-250x150.webp\" width=\"250\" height=\"150\" alt=\"Isla Tintipan Tour\" title=\"Isla Tintipan Tour\" \/><\/a><\/li><li class=\"isotope-item\"><a class=\"\" href=\"https:\/\/www.siontours.com.co\/wp-content\/uploads\/2024\/03\/IMG-20240306-WA0061-jpg.webp\" data-lightbox=\"lightbox[rel-1950-4292185899]\"><img loading=\"lazy\" decoding=\"async\" class=\"\" src=\"https:\/\/www.siontours.com.co\/wp-content\/uploads\/2024\/03\/IMG-20240306-WA0061-jpg-250x150.webp\" width=\"250\" height=\"150\" alt=\"Isla Tintipan Tour\" title=\"Isla Tintipan Tour\" \/><\/a><\/li><li class=\"isotope-item\"><a class=\"\" href=\"https:\/\/www.siontours.com.co\/wp-content\/uploads\/2024\/03\/IMG-20240306-WA0065-jpg.webp\" data-lightbox=\"lightbox[rel-1950-4292185899]\"><img loading=\"lazy\" decoding=\"async\" class=\"\" src=\"https:\/\/www.siontours.com.co\/wp-content\/uploads\/2024\/03\/IMG-20240306-WA0065-jpg-250x150.webp\" width=\"250\" height=\"150\" alt=\"Isla Tintipan Tour\" title=\"Isla Tintipan Tour\" \/><\/a><\/li><li class=\"isotope-item\"><a class=\"\" href=\"https:\/\/www.siontours.com.co\/wp-content\/uploads\/2024\/03\/IMG-20240306-WA0062-jpg.webp\" data-lightbox=\"lightbox[rel-1950-4292185899]\"><img loading=\"lazy\" decoding=\"async\" class=\"\" src=\"https:\/\/www.siontours.com.co\/wp-content\/uploads\/2024\/03\/IMG-20240306-WA0062-jpg-250x150.webp\" width=\"250\" height=\"150\" alt=\"Isla Tintipan Tour\" title=\"Isla Tintipan Tour\" \/><\/a><\/li><li class=\"isotope-item\"><a class=\"\" href=\"https:\/\/www.siontours.com.co\/wp-content\/uploads\/2024\/03\/IMG-20240306-WA0059-jpg.webp\" data-lightbox=\"lightbox[rel-1950-4292185899]\"><img loading=\"lazy\" decoding=\"async\" class=\"\" src=\"https:\/\/www.siontours.com.co\/wp-content\/uploads\/2024\/03\/IMG-20240306-WA0059-jpg-250x150.webp\" width=\"250\" height=\"150\" alt=\"Isla Tintipan Tour\" title=\"Isla Tintipan Tour\" \/><\/a><\/li><\/ul><\/div><\/div><\/div><\/div><\/div><\/div><\/div><div class=\"vc_row wpb_row vc_row-fluid\"><div class=\"wpb_column vc_column_container vc_col-sm-12\"><div class=\"vc_column-inner\"><div class=\"wpb_wrapper\">\n\t<div class=\"wpb_text_column wpb_content_element \" >\n\t\t<div class=\"wpb_wrapper\">\n\t\t\t<h1>ACTIVIDADES DISPONIBLES<\/h1>\n\n\t\t<\/div>\n\t<\/div>\n<\/div><\/div><\/div><\/div>\n","protected":false},"excerpt":{"rendered":"Bienvenido a la Isla Tintipan: Un Para\u00edso Caribe\u00f1o por Descubrir Ubicada en el Caribe colombiano, la Isla Tintipan es un destino de ensue\u00f1o que te transporta a un mundo de tranquilidad y serenidad. Con aguas cristalinas, playas de arena blanca y una exuberante vegetaci\u00f3n tropical, esta isla paradis\u00edaca te ofrece una experiencia \u00fanica de relajaci\u00f3n [...]","protected":false},"author":1,"featured_media":0,"parent":0,"menu_order":0,"comment_status":"closed","ping_status":"closed","template":"","meta":{"_joinchat":[],"footnotes":""},"class_list":["post-1950","page","type-page","status-publish","hentry"],"yoast_head":"<!-- This site is optimized with the Yoast SEO plugin v27.4 - https:\/\/yoast.com\/product\/yoast-seo-wordpress\/ -->\n<title>Isla tintip\u00e1n - Sion Tours - Agencia de turismo en Cartagena, Colombia<\/title>\n<meta name=\"robots\" content=\"index, follow, max-snippet:-1, max-image-preview:large, max-video-preview:-1\" \/>\n<link rel=\"canonical\" href=\"https:\/\/www.siontours.com.co\/en\/isla-tintipan\/\" \/>\n<meta property=\"og:locale\" content=\"en_US\" \/>\n<meta property=\"og:type\" content=\"article\" \/>\n<meta property=\"og:title\" content=\"Isla tintip\u00e1n - Sion Tours - Agencia de turismo en Cartagena, Colombia\" \/>\n<meta property=\"og:url\" content=\"https:\/\/www.siontours.com.co\/en\/isla-tintipan\/\" \/>\n<meta property=\"og:site_name\" content=\"Sion Tours - Agencia de turismo en Cartagena, Colombia\" \/>\n<meta property=\"article:publisher\" content=\"https:\/\/www.facebook.com\/SIONTOURSCARTAGENA\/\" \/>\n<meta property=\"article:modified_time\" content=\"2024-03-06T17:45:27+00:00\" \/>\n<meta property=\"og:image\" content=\"https:\/\/www.siontours.com.co\/wp-content\/uploads\/2023\/02\/balcony-7286894-scaled.jpg\" \/>\n\t<meta property=\"og:image:width\" content=\"2560\" \/>\n\t<meta property=\"og:image:height\" content=\"1707\" \/>\n\t<meta property=\"og:image:type\" content=\"image\/jpeg\" \/>\n<meta name=\"twitter:card\" content=\"summary_large_image\" \/>\n<meta name=\"twitter:label1\" content=\"Est. reading time\" \/>\n\t<meta name=\"twitter:data1\" content=\"1 minute\" \/>\n<script type=\"application\/ld+json\" class=\"yoast-schema-graph\">{\"@context\":\"https:\\\/\\\/schema.org\",\"@graph\":[{\"@type\":\"Article\",\"@id\":\"https:\\\/\\\/www.siontours.com.co\\\/isla-tintipan\\\/#article\",\"isPartOf\":{\"@id\":\"https:\\\/\\\/www.siontours.com.co\\\/isla-tintipan\\\/\"},\"author\":{\"name\":\"siontours\",\"@id\":\"https:\\\/\\\/www.siontours.com.co\\\/#\\\/schema\\\/person\\\/3c9e764f938017adf101d024d7913c5d\"},\"headline\":\"Isla tintip\u00e1n\",\"datePublished\":\"2024-02-26T18:23:24+00:00\",\"dateModified\":\"2024-03-06T17:45:27+00:00\",\"mainEntityOfPage\":{\"@id\":\"https:\\\/\\\/www.siontours.com.co\\\/isla-tintipan\\\/\"},\"wordCount\":195,\"publisher\":{\"@id\":\"https:\\\/\\\/www.siontours.com.co\\\/#organization\"},\"inLanguage\":\"en-US\"},{\"@type\":\"WebPage\",\"@id\":\"https:\\\/\\\/www.siontours.com.co\\\/isla-tintipan\\\/\",\"url\":\"https:\\\/\\\/www.siontours.com.co\\\/isla-tintipan\\\/\",\"name\":\"Isla tintip\u00e1n - Sion Tours - Agencia de turismo en Cartagena, Colombia\",\"isPartOf\":{\"@id\":\"https:\\\/\\\/www.siontours.com.co\\\/#website\"},\"datePublished\":\"2024-02-26T18:23:24+00:00\",\"dateModified\":\"2024-03-06T17:45:27+00:00\",\"breadcrumb\":{\"@id\":\"https:\\\/\\\/www.siontours.com.co\\\/isla-tintipan\\\/#breadcrumb\"},\"inLanguage\":\"en-US\",\"potentialAction\":[{\"@type\":\"ReadAction\",\"target\":[\"https:\\\/\\\/www.siontours.com.co\\\/isla-tintipan\\\/\"]}]},{\"@type\":\"BreadcrumbList\",\"@id\":\"https:\\\/\\\/www.siontours.com.co\\\/isla-tintipan\\\/#breadcrumb\",\"itemListElement\":[{\"@type\":\"ListItem\",\"position\":1,\"name\":\"Portada\",\"item\":\"https:\\\/\\\/www.siontours.com.co\\\/\"},{\"@type\":\"ListItem\",\"position\":2,\"name\":\"Isla tintip\u00e1n\"}]},{\"@type\":\"WebSite\",\"@id\":\"https:\\\/\\\/www.siontours.com.co\\\/#website\",\"url\":\"https:\\\/\\\/www.siontours.com.co\\\/\",\"name\":\"Sion Tours\",\"description\":\"Tours en Cartagena, Colombia\",\"publisher\":{\"@id\":\"https:\\\/\\\/www.siontours.com.co\\\/#organization\"},\"alternateName\":\"Tours en Cartagena\",\"potentialAction\":[{\"@type\":\"SearchAction\",\"target\":{\"@type\":\"EntryPoint\",\"urlTemplate\":\"https:\\\/\\\/www.siontours.com.co\\\/?s={search_term_string}\"},\"query-input\":{\"@type\":\"PropertyValueSpecification\",\"valueRequired\":true,\"valueName\":\"search_term_string\"}}],\"inLanguage\":\"en-US\"},{\"@type\":\"Organization\",\"@id\":\"https:\\\/\\\/www.siontours.com.co\\\/#organization\",\"name\":\"Sion Tours\",\"alternateName\":\"Tours en Cartagena\",\"url\":\"https:\\\/\\\/www.siontours.com.co\\\/\",\"logo\":{\"@type\":\"ImageObject\",\"inLanguage\":\"en-US\",\"@id\":\"https:\\\/\\\/www.siontours.com.co\\\/#\\\/schema\\\/logo\\\/image\\\/\",\"url\":\"https:\\\/\\\/www.siontours.com.co\\\/wp-content\\\/uploads\\\/2022\\\/03\\\/cropped-logo-sion.png\",\"contentUrl\":\"https:\\\/\\\/www.siontours.com.co\\\/wp-content\\\/uploads\\\/2022\\\/03\\\/cropped-logo-sion.png\",\"width\":1528,\"height\":509,\"caption\":\"Sion Tours\"},\"image\":{\"@id\":\"https:\\\/\\\/www.siontours.com.co\\\/#\\\/schema\\\/logo\\\/image\\\/\"},\"sameAs\":[\"https:\\\/\\\/www.facebook.com\\\/SIONTOURSCARTAGENA\\\/\",\"https:\\\/\\\/www.instagram.com\\\/siontourscartagena\\\/\"]},{\"@type\":\"Person\",\"@id\":\"https:\\\/\\\/www.siontours.com.co\\\/#\\\/schema\\\/person\\\/3c9e764f938017adf101d024d7913c5d\",\"name\":\"siontours\",\"image\":{\"@type\":\"ImageObject\",\"inLanguage\":\"en-US\",\"@id\":\"https:\\\/\\\/secure.gravatar.com\\\/avatar\\\/48858a94a95257acba8b19aeadc7d120d4219183b49c345213d78777d6d88e13?s=96&d=mm&r=g\",\"url\":\"https:\\\/\\\/secure.gravatar.com\\\/avatar\\\/48858a94a95257acba8b19aeadc7d120d4219183b49c345213d78777d6d88e13?s=96&d=mm&r=g\",\"contentUrl\":\"https:\\\/\\\/secure.gravatar.com\\\/avatar\\\/48858a94a95257acba8b19aeadc7d120d4219183b49c345213d78777d6d88e13?s=96&d=mm&r=g\",\"caption\":\"siontours\"},\"sameAs\":[\"https:\\\/\\\/www.siontours.com.co\"],\"url\":\"https:\\\/\\\/www.siontours.com.co\\\/en\\\/author\\\/siontours\\\/\"}]}<\/script>\n<!-- \/ Yoast SEO plugin. -->","yoast_head_json":{"title":"Isla tintip\u00e1n - Sion Tours - Agencia de turismo en Cartagena, Colombia","robots":{"index":"index","follow":"follow","max-snippet":"max-snippet:-1","max-image-preview":"max-image-preview:large","max-video-preview":"max-video-preview:-1"},"canonical":"https:\/\/www.siontours.com.co\/en\/isla-tintipan\/","og_locale":"en_US","og_type":"article","og_title":"Isla tintip\u00e1n - Sion Tours - Agencia de turismo en Cartagena, Colombia","og_url":"https:\/\/www.siontours.com.co\/en\/isla-tintipan\/","og_site_name":"Sion Tours - Agencia de turismo en Cartagena, Colombia","article_publisher":"https:\/\/www.facebook.com\/SIONTOURSCARTAGENA\/","article_modified_time":"2024-03-06T17:45:27+00:00","og_image":[{"width":2560,"height":1707,"url":"https:\/\/www.siontours.com.co\/wp-content\/uploads\/2023\/02\/balcony-7286894-scaled.jpg","type":"image\/jpeg"}],"twitter_card":"summary_large_image","twitter_misc":{"Est. reading time":"1 minute"},"schema":{"@context":"https:\/\/schema.org","@graph":[{"@type":"Article","@id":"https:\/\/www.siontours.com.co\/isla-tintipan\/#article","isPartOf":{"@id":"https:\/\/www.siontours.com.co\/isla-tintipan\/"},"author":{"name":"siontours","@id":"https:\/\/www.siontours.com.co\/#\/schema\/person\/3c9e764f938017adf101d024d7913c5d"},"headline":"Isla tintip\u00e1n","datePublished":"2024-02-26T18:23:24+00:00","dateModified":"2024-03-06T17:45:27+00:00","mainEntityOfPage":{"@id":"https:\/\/www.siontours.com.co\/isla-tintipan\/"},"wordCount":195,"publisher":{"@id":"https:\/\/www.siontours.com.co\/#organization"},"inLanguage":"en-US"},{"@type":"WebPage","@id":"https:\/\/www.siontours.com.co\/isla-tintipan\/","url":"https:\/\/www.siontours.com.co\/isla-tintipan\/","name":"Isla tintip\u00e1n - Sion Tours - Agencia de turismo en Cartagena, Colombia","isPartOf":{"@id":"https:\/\/www.siontours.com.co\/#website"},"datePublished":"2024-02-26T18:23:24+00:00","dateModified":"2024-03-06T17:45:27+00:00","breadcrumb":{"@id":"https:\/\/www.siontours.com.co\/isla-tintipan\/#breadcrumb"},"inLanguage":"en-US","potentialAction":[{"@type":"ReadAction","target":["https:\/\/www.siontours.com.co\/isla-tintipan\/"]}]},{"@type":"BreadcrumbList","@id":"https:\/\/www.siontours.com.co\/isla-tintipan\/#breadcrumb","itemListElement":[{"@type":"ListItem","position":1,"name":"Portada","item":"https:\/\/www.siontours.com.co\/"},{"@type":"ListItem","position":2,"name":"Isla tintip\u00e1n"}]},{"@type":"WebSite","@id":"https:\/\/www.siontours.com.co\/#website","url":"https:\/\/www.siontours.com.co\/","name":"Sion Tours","description":"Tours en Cartagena, Colombia","publisher":{"@id":"https:\/\/www.siontours.com.co\/#organization"},"alternateName":"Tours en Cartagena","potentialAction":[{"@type":"SearchAction","target":{"@type":"EntryPoint","urlTemplate":"https:\/\/www.siontours.com.co\/?s={search_term_string}"},"query-input":{"@type":"PropertyValueSpecification","valueRequired":true,"valueName":"search_term_string"}}],"inLanguage":"en-US"},{"@type":"Organization","@id":"https:\/\/www.siontours.com.co\/#organization","name":"Sion Tours","alternateName":"Tours en Cartagena","url":"https:\/\/www.siontours.com.co\/","logo":{"@type":"ImageObject","inLanguage":"en-US","@id":"https:\/\/www.siontours.com.co\/#\/schema\/logo\/image\/","url":"https:\/\/www.siontours.com.co\/wp-content\/uploads\/2022\/03\/cropped-logo-sion.png","contentUrl":"https:\/\/www.siontours.com.co\/wp-content\/uploads\/2022\/03\/cropped-logo-sion.png","width":1528,"height":509,"caption":"Sion Tours"},"image":{"@id":"https:\/\/www.siontours.com.co\/#\/schema\/logo\/image\/"},"sameAs":["https:\/\/www.facebook.com\/SIONTOURSCARTAGENA\/","https:\/\/www.instagram.com\/siontourscartagena\/"]},{"@type":"Person","@id":"https:\/\/www.siontours.com.co\/#\/schema\/person\/3c9e764f938017adf101d024d7913c5d","name":"siontours","image":{"@type":"ImageObject","inLanguage":"en-US","@id":"https:\/\/secure.gravatar.com\/avatar\/48858a94a95257acba8b19aeadc7d120d4219183b49c345213d78777d6d88e13?s=96&d=mm&r=g","url":"https:\/\/secure.gravatar.com\/avatar\/48858a94a95257acba8b19aeadc7d120d4219183b49c345213d78777d6d88e13?s=96&d=mm&r=g","contentUrl":"https:\/\/secure.gravatar.com\/avatar\/48858a94a95257acba8b19aeadc7d120d4219183b49c345213d78777d6d88e13?s=96&d=mm&r=g","caption":"siontours"},"sameAs":["https:\/\/www.siontours.com.co"],"url":"https:\/\/www.siontours.com.co\/en\/author\/siontours\/"}]}},"_links":{"self":[{"href":"https:\/\/www.siontours.com.co\/en\/wp-json\/wp\/v2\/pages\/1950","targetHints":{"allow":["GET"]}}],"collection":[{"href":"https:\/\/www.siontours.com.co\/en\/wp-json\/wp\/v2\/pages"}],"about":[{"href":"https:\/\/www.siontours.com.co\/en\/wp-json\/wp\/v2\/types\/page"}],"author":[{"embeddable":true,"href":"https:\/\/www.siontours.com.co\/en\/wp-json\/wp\/v2\/users\/1"}],"replies":[{"embeddable":true,"href":"https:\/\/www.siontours.com.co\/en\/wp-json\/wp\/v2\/comments?post=1950"}],"version-history":[{"count":15,"href":"https:\/\/www.siontours.com.co\/en\/wp-json\/wp\/v2\/pages\/1950\/revisions"}],"predecessor-version":[{"id":2141,"href":"https:\/\/www.siontours.com.co\/en\/wp-json\/wp\/v2\/pages\/1950\/revisions\/2141"}],"wp:attachment":[{"href":"https:\/\/www.siontours.com.co\/en\/wp-json\/wp\/v2\/media?parent=1950"}],"curies":[{"name":"wp","href":"https:\/\/api.w.org\/{rel}","templated":true}]}}