{"id":1966,"date":"2024-02-26T13:31:32","date_gmt":"2024-02-26T18:31:32","guid":{"rendered":"https:\/\/www.siontours.com.co\/?page_id=1966"},"modified":"2024-03-04T09:59:09","modified_gmt":"2024-03-04T14:59:09","slug":"vehiculos-antiguos","status":"publish","type":"page","link":"https:\/\/www.siontours.com.co\/en\/vehiculos-antiguos\/","title":{"rendered":"Veh\u00edculos antiguos"},"content":{"rendered":"<div class=\"vc_row wpb_row vc_row-fluid\"><div class=\"wpb_column vc_column_container vc_col-sm-12\"><div class=\"vc_column-inner\"><div class=\"wpb_wrapper\">\n\t<div class=\"wpb_text_column wpb_content_element\" >\n\t\t<div class=\"wpb_wrapper\">\n\t\t\t<h1 style=\"text-align: center;\">ALQUILER DE VEH\u00cdCULOS CL\u00c1SICOS PARA BODAS<\/h1>\n\n\t\t<\/div>\n\t<\/div>\n\n\t<div class=\"wpb_text_column wpb_content_element\" >\n\t\t<div class=\"wpb_wrapper\">\n\t\t\t<p style=\"text-align: center;\"><em>Imagina llegar a tu boda en un impresionante autom\u00f3vil cl\u00e1sico, haciendo una entrada digna de un cuento de hadas mientras tus invitados se maravillan ante tu llegada. Nuestros veh\u00edculos cuidadosamente mantenidos y restaurados est\u00e1n listos para ser el complemento perfecto para tu d\u00eda especial, a\u00f1adiendo un toque de encanto vintage que har\u00e1 que tu evento sea inolvidable.<\/em><\/p>\n\n\t\t<\/div>\n\t<\/div>\n<\/div><\/div><\/div><\/div><div class=\"vc_row wpb_row vc_row-fluid\"><div class=\"wpb_column vc_column_container vc_col-sm-12\"><div class=\"vc_column-inner\"><div class=\"wpb_wrapper\">\n\t<div class=\"wpb_text_column wpb_content_element\" >\n\t\t<div class=\"wpb_wrapper\">\n\t\t\t<h1>VEH\u00cdCULOS DISPONIBLES<\/h1>\n\n\t\t<\/div>\n\t<\/div>\n<div class=\"vc_empty_space\"   style=\"height: 32px\"><span class=\"vc_empty_space_inner\"><\/span><\/div><\/div><\/div><\/div><\/div>","protected":false},"excerpt":{"rendered":"ALQUILER DE VEH\u00cdCULOS CL\u00c1SICOS PARA BODAS Imagina llegar a tu boda en un impresionante autom\u00f3vil cl\u00e1sico, haciendo una entrada digna de un cuento de hadas mientras tus invitados se maravillan ante tu llegada. Nuestros veh\u00edculos cuidadosamente mantenidos y restaurados est\u00e1n listos para ser el complemento perfecto para tu d\u00eda especial, a\u00f1adiendo un toque de encanto [...]","protected":false},"author":1,"featured_media":0,"parent":0,"menu_order":0,"comment_status":"closed","ping_status":"closed","template":"elementor_theme","meta":{"_joinchat":[],"footnotes":""},"class_list":["post-1966","page","type-page","status-publish","hentry"],"yoast_head":"<!-- This site is optimized with the Yoast SEO plugin v27.4 - https:\/\/yoast.com\/product\/yoast-seo-wordpress\/ -->\n<title>Veh\u00edculos antiguos - Sion Tours - Agencia de turismo en Cartagena, Colombia<\/title>\n<meta name=\"robots\" content=\"index, follow, max-snippet:-1, max-image-preview:large, max-video-preview:-1\" \/>\n<link rel=\"canonical\" href=\"https:\/\/www.siontours.com.co\/en\/vehiculos-antiguos\/\" \/>\n<meta property=\"og:locale\" content=\"en_US\" \/>\n<meta property=\"og:type\" content=\"article\" \/>\n<meta property=\"og:title\" content=\"Veh\u00edculos antiguos - Sion Tours - Agencia de turismo en Cartagena, Colombia\" \/>\n<meta property=\"og:url\" content=\"https:\/\/www.siontours.com.co\/en\/vehiculos-antiguos\/\" \/>\n<meta property=\"og:site_name\" content=\"Sion Tours - Agencia de turismo en Cartagena, Colombia\" \/>\n<meta property=\"article:publisher\" content=\"https:\/\/www.facebook.com\/SIONTOURSCARTAGENA\/\" \/>\n<meta property=\"article:modified_time\" content=\"2024-03-04T14:59:09+00:00\" \/>\n<meta property=\"og:image\" content=\"https:\/\/www.siontours.com.co\/wp-content\/uploads\/2023\/02\/balcony-7286894-scaled.jpg\" \/>\n\t<meta property=\"og:image:width\" content=\"2560\" \/>\n\t<meta property=\"og:image:height\" content=\"1707\" \/>\n\t<meta property=\"og:image:type\" content=\"image\/jpeg\" \/>\n<meta name=\"twitter:card\" content=\"summary_large_image\" \/>\n<meta name=\"twitter:label1\" content=\"Est. reading time\" \/>\n\t<meta name=\"twitter:data1\" content=\"1 minute\" \/>\n<script type=\"application\/ld+json\" class=\"yoast-schema-graph\">{\"@context\":\"https:\\\/\\\/schema.org\",\"@graph\":[{\"@type\":\"Article\",\"@id\":\"https:\\\/\\\/www.siontours.com.co\\\/vehiculos-antiguos\\\/#article\",\"isPartOf\":{\"@id\":\"https:\\\/\\\/www.siontours.com.co\\\/vehiculos-antiguos\\\/\"},\"author\":{\"name\":\"siontours\",\"@id\":\"https:\\\/\\\/www.siontours.com.co\\\/#\\\/schema\\\/person\\\/3c9e764f938017adf101d024d7913c5d\"},\"headline\":\"Veh\u00edculos antiguos\",\"datePublished\":\"2024-02-26T18:31:32+00:00\",\"dateModified\":\"2024-03-04T14:59:09+00:00\",\"mainEntityOfPage\":{\"@id\":\"https:\\\/\\\/www.siontours.com.co\\\/vehiculos-antiguos\\\/\"},\"wordCount\":116,\"publisher\":{\"@id\":\"https:\\\/\\\/www.siontours.com.co\\\/#organization\"},\"inLanguage\":\"en-US\"},{\"@type\":\"WebPage\",\"@id\":\"https:\\\/\\\/www.siontours.com.co\\\/vehiculos-antiguos\\\/\",\"url\":\"https:\\\/\\\/www.siontours.com.co\\\/vehiculos-antiguos\\\/\",\"name\":\"Veh\u00edculos antiguos - Sion Tours - Agencia de turismo en Cartagena, Colombia\",\"isPartOf\":{\"@id\":\"https:\\\/\\\/www.siontours.com.co\\\/#website\"},\"datePublished\":\"2024-02-26T18:31:32+00:00\",\"dateModified\":\"2024-03-04T14:59:09+00:00\",\"breadcrumb\":{\"@id\":\"https:\\\/\\\/www.siontours.com.co\\\/vehiculos-antiguos\\\/#breadcrumb\"},\"inLanguage\":\"en-US\",\"potentialAction\":[{\"@type\":\"ReadAction\",\"target\":[\"https:\\\/\\\/www.siontours.com.co\\\/vehiculos-antiguos\\\/\"]}]},{\"@type\":\"BreadcrumbList\",\"@id\":\"https:\\\/\\\/www.siontours.com.co\\\/vehiculos-antiguos\\\/#breadcrumb\",\"itemListElement\":[{\"@type\":\"ListItem\",\"position\":1,\"name\":\"Portada\",\"item\":\"https:\\\/\\\/www.siontours.com.co\\\/\"},{\"@type\":\"ListItem\",\"position\":2,\"name\":\"Veh\u00edculos antiguos\"}]},{\"@type\":\"WebSite\",\"@id\":\"https:\\\/\\\/www.siontours.com.co\\\/#website\",\"url\":\"https:\\\/\\\/www.siontours.com.co\\\/\",\"name\":\"Sion Tours\",\"description\":\"Tours en Cartagena, Colombia\",\"publisher\":{\"@id\":\"https:\\\/\\\/www.siontours.com.co\\\/#organization\"},\"alternateName\":\"Tours en Cartagena\",\"potentialAction\":[{\"@type\":\"SearchAction\",\"target\":{\"@type\":\"EntryPoint\",\"urlTemplate\":\"https:\\\/\\\/www.siontours.com.co\\\/?s={search_term_string}\"},\"query-input\":{\"@type\":\"PropertyValueSpecification\",\"valueRequired\":true,\"valueName\":\"search_term_string\"}}],\"inLanguage\":\"en-US\"},{\"@type\":\"Organization\",\"@id\":\"https:\\\/\\\/www.siontours.com.co\\\/#organization\",\"name\":\"Sion Tours\",\"alternateName\":\"Tours en Cartagena\",\"url\":\"https:\\\/\\\/www.siontours.com.co\\\/\",\"logo\":{\"@type\":\"ImageObject\",\"inLanguage\":\"en-US\",\"@id\":\"https:\\\/\\\/www.siontours.com.co\\\/#\\\/schema\\\/logo\\\/image\\\/\",\"url\":\"https:\\\/\\\/www.siontours.com.co\\\/wp-content\\\/uploads\\\/2022\\\/03\\\/cropped-logo-sion.png\",\"contentUrl\":\"https:\\\/\\\/www.siontours.com.co\\\/wp-content\\\/uploads\\\/2022\\\/03\\\/cropped-logo-sion.png\",\"width\":1528,\"height\":509,\"caption\":\"Sion Tours\"},\"image\":{\"@id\":\"https:\\\/\\\/www.siontours.com.co\\\/#\\\/schema\\\/logo\\\/image\\\/\"},\"sameAs\":[\"https:\\\/\\\/www.facebook.com\\\/SIONTOURSCARTAGENA\\\/\",\"https:\\\/\\\/www.instagram.com\\\/siontourscartagena\\\/\"]},{\"@type\":\"Person\",\"@id\":\"https:\\\/\\\/www.siontours.com.co\\\/#\\\/schema\\\/person\\\/3c9e764f938017adf101d024d7913c5d\",\"name\":\"siontours\",\"image\":{\"@type\":\"ImageObject\",\"inLanguage\":\"en-US\",\"@id\":\"https:\\\/\\\/secure.gravatar.com\\\/avatar\\\/48858a94a95257acba8b19aeadc7d120d4219183b49c345213d78777d6d88e13?s=96&d=mm&r=g\",\"url\":\"https:\\\/\\\/secure.gravatar.com\\\/avatar\\\/48858a94a95257acba8b19aeadc7d120d4219183b49c345213d78777d6d88e13?s=96&d=mm&r=g\",\"contentUrl\":\"https:\\\/\\\/secure.gravatar.com\\\/avatar\\\/48858a94a95257acba8b19aeadc7d120d4219183b49c345213d78777d6d88e13?s=96&d=mm&r=g\",\"caption\":\"siontours\"},\"sameAs\":[\"https:\\\/\\\/www.siontours.com.co\"],\"url\":\"https:\\\/\\\/www.siontours.com.co\\\/en\\\/author\\\/siontours\\\/\"}]}<\/script>\n<!-- \/ Yoast SEO plugin. -->","yoast_head_json":{"title":"Veh\u00edculos antiguos - Sion Tours - Agencia de turismo en Cartagena, Colombia","robots":{"index":"index","follow":"follow","max-snippet":"max-snippet:-1","max-image-preview":"max-image-preview:large","max-video-preview":"max-video-preview:-1"},"canonical":"https:\/\/www.siontours.com.co\/en\/vehiculos-antiguos\/","og_locale":"en_US","og_type":"article","og_title":"Veh\u00edculos antiguos - Sion Tours - Agencia de turismo en Cartagena, Colombia","og_url":"https:\/\/www.siontours.com.co\/en\/vehiculos-antiguos\/","og_site_name":"Sion Tours - Agencia de turismo en Cartagena, Colombia","article_publisher":"https:\/\/www.facebook.com\/SIONTOURSCARTAGENA\/","article_modified_time":"2024-03-04T14:59:09+00:00","og_image":[{"width":2560,"height":1707,"url":"https:\/\/www.siontours.com.co\/wp-content\/uploads\/2023\/02\/balcony-7286894-scaled.jpg","type":"image\/jpeg"}],"twitter_card":"summary_large_image","twitter_misc":{"Est. reading time":"1 minute"},"schema":{"@context":"https:\/\/schema.org","@graph":[{"@type":"Article","@id":"https:\/\/www.siontours.com.co\/vehiculos-antiguos\/#article","isPartOf":{"@id":"https:\/\/www.siontours.com.co\/vehiculos-antiguos\/"},"author":{"name":"siontours","@id":"https:\/\/www.siontours.com.co\/#\/schema\/person\/3c9e764f938017adf101d024d7913c5d"},"headline":"Veh\u00edculos antiguos","datePublished":"2024-02-26T18:31:32+00:00","dateModified":"2024-03-04T14:59:09+00:00","mainEntityOfPage":{"@id":"https:\/\/www.siontours.com.co\/vehiculos-antiguos\/"},"wordCount":116,"publisher":{"@id":"https:\/\/www.siontours.com.co\/#organization"},"inLanguage":"en-US"},{"@type":"WebPage","@id":"https:\/\/www.siontours.com.co\/vehiculos-antiguos\/","url":"https:\/\/www.siontours.com.co\/vehiculos-antiguos\/","name":"Veh\u00edculos antiguos - Sion Tours - Agencia de turismo en Cartagena, Colombia","isPartOf":{"@id":"https:\/\/www.siontours.com.co\/#website"},"datePublished":"2024-02-26T18:31:32+00:00","dateModified":"2024-03-04T14:59:09+00:00","breadcrumb":{"@id":"https:\/\/www.siontours.com.co\/vehiculos-antiguos\/#breadcrumb"},"inLanguage":"en-US","potentialAction":[{"@type":"ReadAction","target":["https:\/\/www.siontours.com.co\/vehiculos-antiguos\/"]}]},{"@type":"BreadcrumbList","@id":"https:\/\/www.siontours.com.co\/vehiculos-antiguos\/#breadcrumb","itemListElement":[{"@type":"ListItem","position":1,"name":"Portada","item":"https:\/\/www.siontours.com.co\/"},{"@type":"ListItem","position":2,"name":"Veh\u00edculos antiguos"}]},{"@type":"WebSite","@id":"https:\/\/www.siontours.com.co\/#website","url":"https:\/\/www.siontours.com.co\/","name":"Sion Tours","description":"Tours en Cartagena, Colombia","publisher":{"@id":"https:\/\/www.siontours.com.co\/#organization"},"alternateName":"Tours en Cartagena","potentialAction":[{"@type":"SearchAction","target":{"@type":"EntryPoint","urlTemplate":"https:\/\/www.siontours.com.co\/?s={search_term_string}"},"query-input":{"@type":"PropertyValueSpecification","valueRequired":true,"valueName":"search_term_string"}}],"inLanguage":"en-US"},{"@type":"Organization","@id":"https:\/\/www.siontours.com.co\/#organization","name":"Sion Tours","alternateName":"Tours en Cartagena","url":"https:\/\/www.siontours.com.co\/","logo":{"@type":"ImageObject","inLanguage":"en-US","@id":"https:\/\/www.siontours.com.co\/#\/schema\/logo\/image\/","url":"https:\/\/www.siontours.com.co\/wp-content\/uploads\/2022\/03\/cropped-logo-sion.png","contentUrl":"https:\/\/www.siontours.com.co\/wp-content\/uploads\/2022\/03\/cropped-logo-sion.png","width":1528,"height":509,"caption":"Sion Tours"},"image":{"@id":"https:\/\/www.siontours.com.co\/#\/schema\/logo\/image\/"},"sameAs":["https:\/\/www.facebook.com\/SIONTOURSCARTAGENA\/","https:\/\/www.instagram.com\/siontourscartagena\/"]},{"@type":"Person","@id":"https:\/\/www.siontours.com.co\/#\/schema\/person\/3c9e764f938017adf101d024d7913c5d","name":"siontours","image":{"@type":"ImageObject","inLanguage":"en-US","@id":"https:\/\/secure.gravatar.com\/avatar\/48858a94a95257acba8b19aeadc7d120d4219183b49c345213d78777d6d88e13?s=96&d=mm&r=g","url":"https:\/\/secure.gravatar.com\/avatar\/48858a94a95257acba8b19aeadc7d120d4219183b49c345213d78777d6d88e13?s=96&d=mm&r=g","contentUrl":"https:\/\/secure.gravatar.com\/avatar\/48858a94a95257acba8b19aeadc7d120d4219183b49c345213d78777d6d88e13?s=96&d=mm&r=g","caption":"siontours"},"sameAs":["https:\/\/www.siontours.com.co"],"url":"https:\/\/www.siontours.com.co\/en\/author\/siontours\/"}]}},"_links":{"self":[{"href":"https:\/\/www.siontours.com.co\/en\/wp-json\/wp\/v2\/pages\/1966","targetHints":{"allow":["GET"]}}],"collection":[{"href":"https:\/\/www.siontours.com.co\/en\/wp-json\/wp\/v2\/pages"}],"about":[{"href":"https:\/\/www.siontours.com.co\/en\/wp-json\/wp\/v2\/types\/page"}],"author":[{"embeddable":true,"href":"https:\/\/www.siontours.com.co\/en\/wp-json\/wp\/v2\/users\/1"}],"replies":[{"embeddable":true,"href":"https:\/\/www.siontours.com.co\/en\/wp-json\/wp\/v2\/comments?post=1966"}],"version-history":[{"count":10,"href":"https:\/\/www.siontours.com.co\/en\/wp-json\/wp\/v2\/pages\/1966\/revisions"}],"predecessor-version":[{"id":2042,"href":"https:\/\/www.siontours.com.co\/en\/wp-json\/wp\/v2\/pages\/1966\/revisions\/2042"}],"wp:attachment":[{"href":"https:\/\/www.siontours.com.co\/en\/wp-json\/wp\/v2\/media?parent=1966"}],"curies":[{"name":"wp","href":"https:\/\/api.w.org\/{rel}","templated":true}]}}